{"id":669,"date":"2023-08-09T23:57:34","date_gmt":"2023-08-09T21:57:34","guid":{"rendered":"https:\/\/hadajanos.hu\/?page_id=669"},"modified":"2023-08-09T23:57:34","modified_gmt":"2023-08-09T21:57:34","slug":"bodnar-tanar-ur","status":"publish","type":"page","link":"https:\/\/hadajanos.hu\/?page_id=669","title":{"rendered":"Bodn\u00e1r tan\u00e1r \u00far"},"content":{"rendered":"\n<div class=\"wp-block-columns is-layout-flex wp-container-core-columns-is-layout-28f84493 wp-block-columns-is-layout-flex\">\n<div class=\"wp-block-column is-layout-flow wp-block-column-is-layout-flow\" style=\"flex-basis:100%\">\n<div class=\"wp-block-columns is-layout-flex wp-container-core-columns-is-layout-28f84493 wp-block-columns-is-layout-flex\">\n<div class=\"wp-block-column is-layout-flow wp-block-column-is-layout-flow\">\n<figure class=\"wp-block-image size-full is-resized\"><img fetchpriority=\"high\" decoding=\"async\" src=\"https:\/\/hadajanos.hu\/hadajanosweb\/wp-content\/uploads\/2023\/08\/Bodnar_Sandor_1979.jpeg\" alt=\"\" class=\"wp-image-670\" style=\"width:273px;height:387px\" width=\"273\" height=\"387\" srcset=\"https:\/\/hadajanos.hu\/hadajanosweb\/wp-content\/uploads\/2023\/08\/Bodnar_Sandor_1979.jpeg 250w, https:\/\/hadajanos.hu\/hadajanosweb\/wp-content\/uploads\/2023\/08\/Bodnar_Sandor_1979-211x300.jpeg 211w\" sizes=\"(max-width: 273px) 100vw, 273px\" \/><\/figure>\n<\/div>\n\n\n\n<div class=\"wp-block-column is-layout-flow wp-block-column-is-layout-flow\">\n<p><strong>Bodn\u00e1r S\u00e1ndor<\/strong>\u00a0(<a href=\"https:\/\/hu.wikipedia.org\/wiki\/Hajd%C3%BAb%C3%B6sz%C3%B6rm%C3%A9ny\">Hajd\u00fab\u00f6sz\u00f6rm\u00e9ny<\/a>,\u00a0<a href=\"https:\/\/hu.wikipedia.org\/wiki\/1926\">1926<\/a>.\u00a0<a href=\"https:\/\/hu.wikipedia.org\/wiki\/Febru%C3%A1r_1.\">febru\u00e1r 1.<\/a>\u00a0\u2013\u00a0<a href=\"https:\/\/hu.wikipedia.org\/wiki\/Budapest\">Budapest<\/a>,\u00a0<a href=\"https:\/\/hu.wikipedia.org\/wiki\/1987\">1987<\/a>.\u00a0<a href=\"https:\/\/hu.wikipedia.org\/wiki\/November_14.\">november 14.<\/a>)\u00a0<a href=\"https:\/\/hu.wikipedia.org\/wiki\/Magyarok\">magyar<\/a>\u00a0rendez\u0151, dramaturg.<\/p>\n\n\n\n<p>a\u00a0<a href=\"https:\/\/hu.wikipedia.org\/wiki\/Nemzeti_Sz%C3%ADnh%C3%A1z\">Nemzeti Sz\u00ednh\u00e1z<\/a>\u00a0privil\u00e9giuma volt, hogy a\u00a0<a href=\"https:\/\/hu.wikipedia.org\/wiki\/Sz%C3%ADnh%C3%A1z-_%C3%A9s_Filmm%C5%B1v%C3%A9szeti_Egyetem\">Sz\u00ednh\u00e1z- \u00e9s Filmm\u0171v\u00e9szeti F\u0151iskola<\/a>\u00a0n\u00f6vend\u00e9kei csak a\u00a0<a href=\"https:\/\/hu.wikipedia.org\/wiki\/Nemzeti_Sz%C3%ADnh%C3%A1z\">Nemzeti Sz\u00ednh\u00e1z<\/a>\u00a0produkci\u00f3iban szerezhett\u00e9k gyakorlati tapasztalataikat. Mikor ezt a kiv\u00e1lts\u00e1got\u00a0<a href=\"https:\/\/hu.wikipedia.org\/wiki\/1966\">1966<\/a>-ban megsz\u00fcntett\u00e9k, \u00e9s a te\u00e1trum min\u0151s\u00e9gi seg\u00e9dsz\u00edn\u00e9sz-\u00e1llom\u00e1ny n\u00e9lk\u00fcl maradt,Bodn\u00e1r S\u00e1ndor kezdem\u00e9nyez\u00e9s\u00e9re megalakult a\u00a0<a href=\"https:\/\/hu.wikipedia.org\/wiki\/Nemzeti_Sz%C3%ADnh%C3%A1z\">Nemzeti Sz\u00ednh\u00e1z<\/a>\u00a0st\u00fadi\u00f3ja, ahol azt\u00e1n a Tan\u00e1r \u00dar hal\u00e1l\u00e1ig oktatott.<\/p>\n<\/div>\n<\/div>\n<\/div>\n<\/div>\n\n\n\n<p>\u00c9n \u00fagy eml\u00e9kszem vissza Bodn\u00e1r tan\u00e1r \u00farra, mint arra az emberre, akit\u0151l kaptam a szakm\u00e1t. Tulajdonk\u00e9ppen t\u0151le tanultam mindent. Amikor a f\u0151iskol\u00e1ra beker\u00fclt\u00fcnk, messzir\u0151l meg lehetett mondani, hogy ki j\u00f6tt a Nemzeti St\u00fadi\u00f3b\u00f3l, \u00e9s kit tan\u00edtott a tan\u00e1r \u00far.<\/p>\n\n\n\n<p>Valami elk\u00e9peszt\u0151en m\u00e1st kaptunk t\u0151le, mint amit b\u00e1rkit\u0151l. N\u00e9gy \u00e9vig abb\u00f3l a tud\u00e1sb\u00f3l, abb\u00f3l a bels\u0151 tartalomb\u00f3l \u00e9lt\u00fcnk, amit \u0151 bel\u00e9nk vert az \u00f3r\u00e1kon.<\/p>\n\n\n\n<p>M\u00e1ig eml\u00e9kszem r\u00e1, ahogy fogta a kezemet \u00e9s azt mondta. &#8222;Na, most mondja a verset, J\u00e1nos!&#8221; \u00c9s valami olyan energia \u00e1radt a k\u00e9zb\u0151l, amit\u0151l hitelesen lehetett, kellett megsz\u00f3lalni.<\/p>\n\n\n\n<p>Ezt a sz\u00f3cikket mindenk\u00e9ppen folytatni akarom, de ha valaki \u00e9ppen itt van, \u00e9s gondolata van a tan\u00e1r \u00farr\u00f3l, az k\u00e9rem \u00edrja meg nekem, hogy feltehessem.<\/p>\n","protected":false},"excerpt":{"rendered":"<p>Bodn\u00e1r S\u00e1ndor\u00a0(Hajd\u00fab\u00f6sz\u00f6rm\u00e9ny,\u00a01926.\u00a0febru\u00e1r 1.\u00a0\u2013\u00a0Budapest,\u00a01987.\u00a0november 14.)\u00a0magyar\u00a0rendez\u0151, dramaturg. a\u00a0Nemzeti Sz\u00ednh\u00e1z\u00a0privil\u00e9giuma volt, hogy a\u00a0Sz\u00ednh\u00e1z- \u00e9s Filmm\u0171v\u00e9szeti F\u0151iskola\u00a0n\u00f6vend\u00e9kei csak a\u00a0Nemzeti Sz\u00ednh\u00e1z\u00a0produkci\u00f3iban szerezhett\u00e9k gyakorlati tapasztalataikat. Mikor [&hellip;]<\/p>\n","protected":false},"author":1,"featured_media":0,"parent":0,"menu_order":0,"comment_status":"closed","ping_status":"closed","template":"","meta":{"site-sidebar-layout":"default","site-content-layout":"","ast-site-content-layout":"default","site-content-style":"default","site-sidebar-style":"default","ast-global-header-display":"","ast-banner-title-visibility":"","ast-main-header-display":"","ast-hfb-above-header-display":"","ast-hfb-below-header-display":"","ast-hfb-mobile-header-display":"","site-post-title":"","ast-breadcrumbs-content":"","ast-featured-img":"","footer-sml-layout":"","theme-transparent-header-meta":"","adv-header-id-meta":"","stick-header-meta":"","header-above-stick-meta":"","header-main-stick-meta":"","header-below-stick-meta":"","astra-migrate-meta-layouts":"default","ast-page-background-enabled":"default","ast-page-background-meta":{"desktop":{"background-color":"var(--ast-global-color-5)","background-image":"","background-repeat":"repeat","background-position":"center center","background-size":"auto","background-attachment":"scroll","background-type":"","background-media":"","overlay-type":"","overlay-color":"","overlay-opacity":"","overlay-gradient":""},"tablet":{"background-color":"","background-image":"","background-repeat":"repeat","background-position":"center center","background-size":"auto","background-attachment":"scroll","background-type":"","background-media":"","overlay-type":"","overlay-color":"","overlay-opacity":"","overlay-gradient":""},"mobile":{"background-color":"","background-image":"","background-repeat":"repeat","background-position":"center center","background-size":"auto","background-attachment":"scroll","background-type":"","background-media":"","overlay-type":"","overlay-color":"","overlay-opacity":"","overlay-gradient":""}},"ast-content-background-meta":{"desktop":{"background-color":"var(--ast-global-color-4)","background-image":"","background-repeat":"repeat","background-position":"center center","background-size":"auto","background-attachment":"scroll","background-type":"","background-media":"","overlay-type":"","overlay-color":"","overlay-opacity":"","overlay-gradient":""},"tablet":{"background-color":"var(--ast-global-color-4)","background-image":"","background-repeat":"repeat","background-position":"center center","background-size":"auto","background-attachment":"scroll","background-type":"","background-media":"","overlay-type":"","overlay-color":"","overlay-opacity":"","overlay-gradient":""},"mobile":{"background-color":"var(--ast-global-color-4)","background-image":"","background-repeat":"repeat","background-position":"center center","background-size":"auto","background-attachment":"scroll","background-type":"","background-media":"","overlay-type":"","overlay-color":"","overlay-opacity":"","overlay-gradient":""}},"footnotes":""},"class_list":["post-669","page","type-page","status-publish","hentry"],"_links":{"self":[{"href":"https:\/\/hadajanos.hu\/index.php?rest_route=\/wp\/v2\/pages\/669","targetHints":{"allow":["GET"]}}],"collection":[{"href":"https:\/\/hadajanos.hu\/index.php?rest_route=\/wp\/v2\/pages"}],"about":[{"href":"https:\/\/hadajanos.hu\/index.php?rest_route=\/wp\/v2\/types\/page"}],"author":[{"embeddable":true,"href":"https:\/\/hadajanos.hu\/index.php?rest_route=\/wp\/v2\/users\/1"}],"replies":[{"embeddable":true,"href":"https:\/\/hadajanos.hu\/index.php?rest_route=%2Fwp%2Fv2%2Fcomments&post=669"}],"version-history":[{"count":1,"href":"https:\/\/hadajanos.hu\/index.php?rest_route=\/wp\/v2\/pages\/669\/revisions"}],"predecessor-version":[{"id":671,"href":"https:\/\/hadajanos.hu\/index.php?rest_route=\/wp\/v2\/pages\/669\/revisions\/671"}],"wp:attachment":[{"href":"https:\/\/hadajanos.hu\/index.php?rest_route=%2Fwp%2Fv2%2Fmedia&parent=669"}],"curies":[{"name":"wp","href":"https:\/\/api.w.org\/{rel}","templated":true}]}}