{"id":665,"date":"2023-08-10T00:16:38","date_gmt":"2023-08-09T22:16:38","guid":{"rendered":"https:\/\/hadajanos.hu\/?page_id=665"},"modified":"2024-02-24T19:56:45","modified_gmt":"2024-02-24T18:56:45","slug":"oneletrajz","status":"publish","type":"page","link":"https:\/\/hadajanos.hu\/?page_id=665","title":{"rendered":"\u00d6n\u00e9letrajz"},"content":{"rendered":"\n<div class=\"wp-block-group is-layout-constrained wp-block-group-is-layout-constrained\">\n<p><strong>1964-ben sz\u00fclettem Budapesten. Azt mondj\u00e1k izg\u00e1ga gyermek voltam \u00e9s m\u00e1r pici korom \u00f3ta rettent\u0151en exhibicionista. Vajon mit\u0151l?<\/strong><\/p>\n\n\n\n<figure class=\"wp-block-image size-full is-resized is-style-rounded\"><img fetchpriority=\"high\" decoding=\"async\" src=\"https:\/\/hadajanos.hu\/hadajanosweb\/wp-content\/uploads\/2023\/02\/Hada-Janos__001-.jpg\" alt=\"\" class=\"wp-image-517\" style=\"width:240px;height:347px\" width=\"240\" height=\"347\" srcset=\"https:\/\/hadajanos.hu\/hadajanosweb\/wp-content\/uploads\/2023\/02\/Hada-Janos__001-.jpg 380w, https:\/\/hadajanos.hu\/hadajanosweb\/wp-content\/uploads\/2023\/02\/Hada-Janos__001--207x300.jpg 207w\" sizes=\"(max-width: 240px) 100vw, 240px\" \/><\/figure>\n\n\n\n<figure class=\"wp-block-pullquote has-medium-font-size\" style=\"border-style:none;border-width:0px\"><blockquote><p><strong>Ap\u00e1m szeretett volna m\u00fcv\u00e9szi p\u00e1ly\u00e1ra l\u00e9pni, de a kor, a csal\u00e1d anyagi helyzete ezt nem igaz\u00e1n tette lehet\u0151v\u00e9. Opera\u00e9nekes szeretett volna lenni. Tal\u00e1n innen a gy\u00f6k\u00e9r.<\/strong><br><br><br>Zene\u00f3vod\u00e1ba ker\u00fcltem, ami\u00e9rt \u00f6r\u00f6kk\u00e9 h\u00e1l\u00e1s leszek. Majd az<a href=\"https:\/\/hadajanos.hu\/?page_id=581\">\u00a0Als\u00f3erd\u0151sor utcai zenei \u00e1ltal\u00e1nosban<\/a>\u00a0folytattam tanulm\u00e1nyaimat(?), ahonnan &#8222;j\u00f3&#8221; magaviseletem miatt kellett t\u00e1voznom. A hatodikat m\u00e1r a Labda utcai iskol\u00e1ban v\u00e9geztem. A<a href=\"https:\/\/hadajanos.hu\/?page_id=576\">\u00a0K\u00f6lcsey Ferenc gimn\u00e1zium<\/a>\u00a0gy\u00f6ny\u00f6r\u00fc, izgalmas, l\u00e1zad\u00f3, de rettenetesen meghat\u00e1roz\u00f3 n\u00e9gy \u00e9ve ut\u00e1n jelentkeztem a Szinm\u00fcv\u00e9szeti f\u0151iskol\u00e1ra. Nem siker\u00fclt. De akkor is SZINH\u00c1Z! SZINH\u00c1Z! SZINH\u00c1Z<br><strong><a href=\"file:\/\/\/C:\/Documents%20and%20Settings\/H%C3%A1da%20J%C3%A1nos\/Dokumentumok\/nemzstud.html\">Nemzeti szinh\u00e1z st\u00fadi\u00f3<\/a>.\u00a0Itt tal\u00e1lkoztam \u00e9letem meghat\u00e1roz\u00f3 tan\u00e1r\u00e1val\u00a0<br><a href=\"file:\/\/\/C:\/Documents%20and%20Settings\/H%C3%A1da%20J%C3%A1nos\/Dokumentumok\/bodnars.html\">Bodn\u00e1r S\u00e1ndorral<\/a>, aki sokunknak adott \u00e9letre sz\u00f3l\u00f3 \u00fatraval\u00f3t. K\u00e9t \u00e9v szinpadi gyakorlat, \u00e9s FELVETTEK. Hurr\u00e1!<\/strong><br><br><strong>A\u00a0<a href=\"file:\/\/\/C:\/Documents%20and%20Settings\/H%C3%A1da%20J%C3%A1nos\/Dokumentumok\/foiskola.html\">f\u0151iskolai \u00e9vek<\/a>hasznosak, \u00e9s tanuls\u00e1gosak voltak.\u00a0<a href=\"file:\/\/\/C:\/Documents%20and%20Settings\/H%C3%A1da%20J%C3%A1nos\/Dokumentumok\/szerepek.htm\">Oszt\u00e1lyt\u00e1rsaim<\/a>mal\u00a0szoros bar\u00e1ts\u00e1g alakult ki. \u00c9s j\u00f6tt a nagybet\u00fcs \u00c9let!\u00a0<a href=\"file:\/\/\/C:\/Documents%20and%20Settings\/H%C3%A1da%20J%C3%A1nos\/Dokumentumok\/szerepek.htm\">Szolnok<\/a>ra szerz\u0151dtem, majd a\u00a0<a href=\"file:\/\/\/C:\/Documents%20and%20Settings\/H%C3%A1da%20J%C3%A1nos\/Dokumentumok\/szerepek.htm\">J\u00f3zsef Attila Szinh\u00e1zba<\/a>,\u00a0ahol <\/strong>20 boldog \u00e9vet t\u00f6lt\u00f6ttem.<br>Miut\u00e1n ez megsz\u0171nt, megalak\u00edtottam a <strong>HADART Sz\u00ednh\u00e1z<\/strong>at, ami imm\u00e1r 12 \u00e9ve m\u0171k\u00f6dik sikeresen.<\/p><\/blockquote><\/figure>\n\n\n\n<figure class=\"wp-block-table is-style-regular has-medium-font-size\"><table class=\"has-black-color has-cyan-bluish-gray-background-color has-text-color has-background\"><tbody><tr><td><strong>Szem\u00e9lyi adatok<\/strong><\/td><td>Sz\u00fclet\u00e9si id\u0151: 1964. 07.02\u02c7&nbsp;&nbsp;&nbsp;&nbsp;&nbsp;Sz\u00fclet\u00e9si hely: Budapest<\/td><\/tr><tr><td><strong>K\u00e9pes\u00edt\u00e9sek r\u00f6vid ismertet\u00e9se<\/strong><\/td><td>1985-1989&nbsp;&nbsp;&nbsp;&nbsp;&nbsp;&nbsp;&nbsp;&nbsp;&nbsp;&nbsp;Sz\u00ednh\u00e1z- \u00e9s Filmm\u0171v\u00e9szeti F\u0151iskola&nbsp;&nbsp;Budapest<br><strong>Sz\u00edn\u00e9sz szak<\/strong>&nbsp;<\/td><\/tr><tr><td><strong>Gyakorlati tapasztalat<\/strong><\/td><td>1989-1991&nbsp;&nbsp;&nbsp;&nbsp;&nbsp;&nbsp;&nbsp;&nbsp;&nbsp;&nbsp;&nbsp;Szolnoki Szigligeti  Sz\u00ednh\u00e1z   <br>1991-&nbsp;2011&nbsp;&nbsp;&nbsp;&nbsp;&nbsp;&nbsp;&nbsp;&nbsp;&nbsp;&nbsp;&nbsp;J\u00f3zsef Attila Sz\u00ednh\u00e1z&nbsp;&nbsp;Budapest<br>2011-                      Hadart Sz\u00ednh\u00e1z<br>                                 \u00dajsz\u00ednh\u00e1z<\/td><\/tr><tr><td><strong>V\u00e9gzetts\u00e9g<\/strong><\/td><td>2002-2003&nbsp;&nbsp;&nbsp;&nbsp;&nbsp;&nbsp;&nbsp;&nbsp;&nbsp;&nbsp;ELTE BTK&nbsp;&nbsp;&nbsp;&nbsp;&nbsp;&nbsp;&nbsp;&nbsp;&nbsp;&nbsp;&nbsp;&nbsp;&nbsp;&nbsp;&nbsp;&nbsp;&nbsp;&nbsp;&nbsp;&nbsp;<br>Budapest Kultur\u00e1lis  Menedzser Szak<\/td><\/tr><\/tbody><\/table><\/figure>\n<\/div>\n","protected":false},"excerpt":{"rendered":"<p>1964-ben sz\u00fclettem Budapesten. Azt mondj\u00e1k izg\u00e1ga gyermek voltam \u00e9s m\u00e1r pici korom \u00f3ta rettent\u0151en exhibicionista. Vajon mit\u0151l? Ap\u00e1m szeretett volna [&hellip;]<\/p>\n","protected":false},"author":1,"featured_media":0,"parent":0,"menu_order":0,"comment_status":"closed","ping_status":"closed","template":"templates\/fullwidth.php","meta":{"site-sidebar-layout":"default","site-content-layout":"","ast-site-content-layout":"default","site-content-style":"default","site-sidebar-style":"default","ast-global-header-display":"","ast-banner-title-visibility":"","ast-main-header-display":"","ast-hfb-above-header-display":"","ast-hfb-below-header-display":"","ast-hfb-mobile-header-display":"","site-post-title":"","ast-breadcrumbs-content":"","ast-featured-img":"","footer-sml-layout":"","theme-transparent-header-meta":"","adv-header-id-meta":"","stick-header-meta":"","header-above-stick-meta":"","header-main-stick-meta":"","header-below-stick-meta":"","astra-migrate-meta-layouts":"default","ast-page-background-enabled":"default","ast-page-background-meta":{"desktop":{"background-color":"var(--ast-global-color-5)","background-image":"","background-repeat":"repeat","background-position":"center center","background-size":"auto","background-attachment":"scroll","background-type":"","background-media":"","overlay-type":"","overlay-color":"","overlay-opacity":"","overlay-gradient":""},"tablet":{"background-color":"","background-image":"","background-repeat":"repeat","background-position":"center center","background-size":"auto","background-attachment":"scroll","background-type":"","background-media":"","overlay-type":"","overlay-color":"","overlay-opacity":"","overlay-gradient":""},"mobile":{"background-color":"","background-image":"","background-repeat":"repeat","background-position":"center center","background-size":"auto","background-attachment":"scroll","background-type":"","background-media":"","overlay-type":"","overlay-color":"","overlay-opacity":"","overlay-gradient":""}},"ast-content-background-meta":{"desktop":{"background-color":"var(--ast-global-color-4)","background-image":"","background-repeat":"repeat","background-position":"center center","background-size":"auto","background-attachment":"scroll","background-type":"","background-media":"","overlay-type":"","overlay-color":"","overlay-opacity":"","overlay-gradient":""},"tablet":{"background-color":"var(--ast-global-color-4)","background-image":"","background-repeat":"repeat","background-position":"center center","background-size":"auto","background-attachment":"scroll","background-type":"","background-media":"","overlay-type":"","overlay-color":"","overlay-opacity":"","overlay-gradient":""},"mobile":{"background-color":"var(--ast-global-color-4)","background-image":"","background-repeat":"repeat","background-position":"center center","background-size":"auto","background-attachment":"scroll","background-type":"","background-media":"","overlay-type":"","overlay-color":"","overlay-opacity":"","overlay-gradient":""}},"footnotes":""},"class_list":["post-665","page","type-page","status-publish","hentry"],"_links":{"self":[{"href":"https:\/\/hadajanos.hu\/index.php?rest_route=\/wp\/v2\/pages\/665","targetHints":{"allow":["GET"]}}],"collection":[{"href":"https:\/\/hadajanos.hu\/index.php?rest_route=\/wp\/v2\/pages"}],"about":[{"href":"https:\/\/hadajanos.hu\/index.php?rest_route=\/wp\/v2\/types\/page"}],"author":[{"embeddable":true,"href":"https:\/\/hadajanos.hu\/index.php?rest_route=\/wp\/v2\/users\/1"}],"replies":[{"embeddable":true,"href":"https:\/\/hadajanos.hu\/index.php?rest_route=%2Fwp%2Fv2%2Fcomments&post=665"}],"version-history":[{"count":9,"href":"https:\/\/hadajanos.hu\/index.php?rest_route=\/wp\/v2\/pages\/665\/revisions"}],"predecessor-version":[{"id":763,"href":"https:\/\/hadajanos.hu\/index.php?rest_route=\/wp\/v2\/pages\/665\/revisions\/763"}],"wp:attachment":[{"href":"https:\/\/hadajanos.hu\/index.php?rest_route=%2Fwp%2Fv2%2Fmedia&parent=665"}],"curies":[{"name":"wp","href":"https:\/\/api.w.org\/{rel}","templated":true}]}}