{"id":581,"date":"2023-03-30T13:30:59","date_gmt":"2023-03-30T11:30:59","guid":{"rendered":"https:\/\/hadajanos.hu\/?page_id=581"},"modified":"2023-03-30T13:35:59","modified_gmt":"2023-03-30T11:35:59","slug":"altalanos-iskola","status":"publish","type":"page","link":"https:\/\/hadajanos.hu\/?page_id=581","title":{"rendered":"\u00c1ltal\u00e1nos iskola"},"content":{"rendered":"\n<figure class=\"wp-block-image size-full is-resized\"><img fetchpriority=\"high\" decoding=\"async\" src=\"https:\/\/hadajanos.hu\/hadajanosweb\/wp-content\/uploads\/2023\/03\/Alsoerdosor.jpg\" alt=\"\" class=\"wp-image-584\" width=\"359\" height=\"202\" srcset=\"https:\/\/hadajanos.hu\/hadajanosweb\/wp-content\/uploads\/2023\/03\/Alsoerdosor.jpg 649w, https:\/\/hadajanos.hu\/hadajanosweb\/wp-content\/uploads\/2023\/03\/Alsoerdosor-300x169.jpg 300w\" sizes=\"(max-width: 359px) 100vw, 359px\" \/><\/figure>\n\n\n\n<p>Nem voltam j\u00f3 gyerek&#8230;<\/p>\n\n\n\n<p><strong>H\u00e1t igen, ahogy mondani szok\u00e1s, tanulm\u00e1nyaimat ebben az iskol\u00e1ban kezdtem. De sok m\u00e1s gyerekkel ellent\u00e9tben nem itt fejeztem be. Persze nem v\u00e9letlen, v\u00e9letlenek ugyanis nincsenek.<\/strong><\/p>\n\n\n\n<p><strong> Nem jelenthetj\u00fck ki, hogy fegyelmezett, j\u00f3 gyerek lettem volna. s\u0151t mondhatni ellenkez\u0151leg. Az idegeire mentem a tan\u00e1raimnak, m\u00e1r ha m\u00e9lt\u00f3ztattam bef\u00e1radni az iskol\u00e1ba. Na persze nem eleinte, mert az els\u0151 h\u00e1rom oszt\u00e1lyt igen j\u00f3 eredm\u00e9nnyel v\u00e9geztem. <\/strong><\/p>\n\n\n\n<p><strong>Azt\u00e1n j\u00f6tt a negyedik, \u00e9s mintha az \u00f6rd\u00f6g b\u00fajt volna bel\u00e9m. Minden jobban \u00e9rdekelt mint az iskola. P\u00e9ld\u00e1ul a mozi! F\u0151leg azok, amik d\u00e9lel\u0151tt, iskolaid\u0151ben mentek. Ink\u00e1bb J\u00e1rtam a moziba d\u00e9lel\u0151tt, mint az iskol\u00e1ba, ahol am\u00fagy is hi\u00e1nyzott a leck\u00e9m.<\/strong>&nbsp;<strong>Igy azt\u00e1n mindenki j\u00f3l j\u00e1rt. \u00c9n nem zavartam a tan\u00e1rokat az \u00f3r\u00e1n, \u0151k meg nem zavartak engem, hogy \u00e9lvezzem a filmm\u00fcv\u00e9szet remekeit<\/strong>.&nbsp;<strong>Leny\u00fcg\u0151ztek a v\u00e1sznon a szin\u00e9szek. <\/strong><\/p>\n\n\n\n<p><strong>Nem \u00fagy \u00e9desap\u00e1m, aki egyszercsak megtudta, hogy egy hete nem j\u00e1rok suliba. Na volt otthon pofonok sora. Egy ideig \u00f6sszeszedtem magam, azt\u00e1n kezd\u0151d\u0151tt minden el\u0151lr\u0151l. Nem \u00e9n voltam a hib\u00e1s, mindig \u00fatba esett a mozi, \u00e9s olyan j\u00f3 filmeket adtak. (La mancha lovagja stb). Ez igy ment \u00f6t\u00f6dikig. Megbuktatni nem tudtak, mert \u00f6nv\u00e9delemb\u0151l az\u00e9rt tanultam. <\/strong><\/p>\n\n\n\n<p><strong>\u0150t\u0151dikben azt\u00e1n, mivel t\u00fal sok volt az igazolatlan \u00f3r\u00e1m, azt mondt\u00e1k, hogy vagy elmegyek m\u00e1sik iskol\u00e1ba, vagy megbukok. Nem volt v\u00e1laszt\u00e1s. Mentem. A Labda utc\u00e1ba. Ez k\u00f6zelebb is volt \u00e9s nem volt a k\u00f6zelben mozi. <\/strong><\/p>\n\n\n\n<p><strong>\u00daj iskola \u00faj \u00e9let, \u00faj tan\u00e1rok. H\u00e1l\u2019 Istennek, mert itt tal\u00e1lkoztam Fr\u0151lich tan\u00e1r \u00farral, aki meghat\u00e1rozta, hogy mi leszek az elk\u0151vetkezend\u0151 \u00e9letemben. Nem az \u00e9rdekelte, hogy fegyelmezett vagyok-e, hanem hogy hogyan mondok verset. \u00c9s koromhoz k\u00e9pest j\u00f3l mondtam. Megnyertem minden versmond\u00f3versenyt, ez\u00e9rt sok mindent eln\u00e9ztek nekem. <\/strong><\/p>\n\n\n\n<p><strong>Igy azt\u00e1n ha nehezen is elv\u00e9geztem a nyolc \u00e1ltal\u00e1nost, \u00e9s m\u00e1r komoly terveim voltak.<\/strong><\/p>\n","protected":false},"excerpt":{"rendered":"<p>Nem voltam j\u00f3 gyerek&#8230; H\u00e1t igen, ahogy mondani szok\u00e1s, tanulm\u00e1nyaimat ebben az iskol\u00e1ban kezdtem. De sok m\u00e1s gyerekkel ellent\u00e9tben nem [&hellip;]<\/p>\n","protected":false},"author":1,"featured_media":0,"parent":0,"menu_order":0,"comment_status":"closed","ping_status":"closed","template":"","meta":{"site-sidebar-layout":"default","site-content-layout":"","ast-site-content-layout":"default","site-content-style":"default","site-sidebar-style":"default","ast-global-header-display":"","ast-banner-title-visibility":"","ast-main-header-display":"","ast-hfb-above-header-display":"","ast-hfb-below-header-display":"","ast-hfb-mobile-header-display":"","site-post-title":"","ast-breadcrumbs-content":"","ast-featured-img":"","footer-sml-layout":"","theme-transparent-header-meta":"","adv-header-id-meta":"","stick-header-meta":"","header-above-stick-meta":"","header-main-stick-meta":"","header-below-stick-meta":"","astra-migrate-meta-layouts":"default","ast-page-background-enabled":"default","ast-page-background-meta":{"desktop":{"background-color":"var(--ast-global-color-5)","background-image":"","background-repeat":"repeat","background-position":"center center","background-size":"auto","background-attachment":"scroll","background-type":"","background-media":"","overlay-type":"","overlay-color":"","overlay-opacity":"","overlay-gradient":""},"tablet":{"background-color":"","background-image":"","background-repeat":"repeat","background-position":"center center","background-size":"auto","background-attachment":"scroll","background-type":"","background-media":"","overlay-type":"","overlay-color":"","overlay-opacity":"","overlay-gradient":""},"mobile":{"background-color":"","background-image":"","background-repeat":"repeat","background-position":"center center","background-size":"auto","background-attachment":"scroll","background-type":"","background-media":"","overlay-type":"","overlay-color":"","overlay-opacity":"","overlay-gradient":""}},"ast-content-background-meta":{"desktop":{"background-color":"var(--ast-global-color-4)","background-image":"","background-repeat":"repeat","background-position":"center center","background-size":"auto","background-attachment":"scroll","background-type":"","background-media":"","overlay-type":"","overlay-color":"","overlay-opacity":"","overlay-gradient":""},"tablet":{"background-color":"var(--ast-global-color-4)","background-image":"","background-repeat":"repeat","background-position":"center center","background-size":"auto","background-attachment":"scroll","background-type":"","background-media":"","overlay-type":"","overlay-color":"","overlay-opacity":"","overlay-gradient":""},"mobile":{"background-color":"var(--ast-global-color-4)","background-image":"","background-repeat":"repeat","background-position":"center center","background-size":"auto","background-attachment":"scroll","background-type":"","background-media":"","overlay-type":"","overlay-color":"","overlay-opacity":"","overlay-gradient":""}},"footnotes":""},"class_list":["post-581","page","type-page","status-publish","hentry"],"_links":{"self":[{"href":"https:\/\/hadajanos.hu\/index.php?rest_route=\/wp\/v2\/pages\/581","targetHints":{"allow":["GET"]}}],"collection":[{"href":"https:\/\/hadajanos.hu\/index.php?rest_route=\/wp\/v2\/pages"}],"about":[{"href":"https:\/\/hadajanos.hu\/index.php?rest_route=\/wp\/v2\/types\/page"}],"author":[{"embeddable":true,"href":"https:\/\/hadajanos.hu\/index.php?rest_route=\/wp\/v2\/users\/1"}],"replies":[{"embeddable":true,"href":"https:\/\/hadajanos.hu\/index.php?rest_route=%2Fwp%2Fv2%2Fcomments&post=581"}],"version-history":[{"count":3,"href":"https:\/\/hadajanos.hu\/index.php?rest_route=\/wp\/v2\/pages\/581\/revisions"}],"predecessor-version":[{"id":705,"href":"https:\/\/hadajanos.hu\/index.php?rest_route=\/wp\/v2\/pages\/581\/revisions\/705"}],"wp:attachment":[{"href":"https:\/\/hadajanos.hu\/index.php?rest_route=%2Fwp%2Fv2%2Fmedia&parent=581"}],"curies":[{"name":"wp","href":"https:\/\/api.w.org\/{rel}","templated":true}]}}