{"id":576,"date":"2023-03-30T13:21:55","date_gmt":"2023-03-30T11:21:55","guid":{"rendered":"https:\/\/hadajanos.hu\/?page_id=576"},"modified":"2023-03-30T13:25:23","modified_gmt":"2023-03-30T11:25:23","slug":"a-kolcsey-gimi","status":"publish","type":"page","link":"https:\/\/hadajanos.hu\/?page_id=576","title":{"rendered":"A K\u00f6lcsey gimi&#8230;"},"content":{"rendered":"\n<figure class=\"wp-block-image size-full is-resized\"><img fetchpriority=\"high\" decoding=\"async\" src=\"https:\/\/hadajanos.hu\/hadajanosweb\/wp-content\/uploads\/2023\/03\/Kolcsey.jpg\" alt=\"\" class=\"wp-image-579\" width=\"371\" height=\"248\"\/><\/figure>\n\n\n\n<p><strong>A gimn\u00e1zium m\u00e1r egy komoly dolog. Azzal nem lehet viccelni, mert \u0171gy kiv\u00e1gnak, mint macsk\u00e1t\u2026 Igy azt\u00e1n k\u00e9nytelen voltam \u00f6sszeszedni magam, \u00e9s be\u00e1llni a sorba, amennyire lehet. Meg azt\u00e1n itt m\u00e1r beindultak a hormonok is. Arr\u00f3l nem is besz\u00e9lve, hogy mivel m\u00e1r elt\u00f6k\u00e9lt sz\u00e1nd\u00e9kom volt, hogy szin\u00e9sz leszek, musz\u00e1j volt le\u00e9retts\u00e9gizni.<\/strong><\/p>\n\n\n\n<p><strong>Az\u00e9rt igy visszagondolva sz\u00e9p volt a di\u00e1k\u00e9let. Mozgalmas, tele bulikkal marh\u00e1skod\u00e1ssal, \u00e9s mindez m\u00e9g igazi felel\u0151ss\u00e9g n\u00e9lk\u00fcl. Oszt\u00e1lyt\u00e1rsam volt B\u00e1rdos Andr\u00e1s, aki most televizi\u00f3s, \u00e9s vele sok mindent kital\u00e1ltunk. P\u00e9ld\u00e1ul alakitottunk egy zenekart, ahol a sz\u00e1mok k\u00f6z\u00f6tt szerz\u0151 \u00e9s c\u00edm n\u00e9lk\u00fcl elmondtunk egy-egy Radn\u00f3ti, vagy J\u00f3zsef Attila verset. Azok a sr\u00e1cok akik elvb\u0151l elutasitott\u00e1k ezeket a szerz\u0151ket a koncert ut\u00e1n j\u00f6ttek oda, hogy: \u201eTe figyelj, ez t\u00f6k j\u00f3, ezt te irtad?\u201d Igy azt\u00e1n&nbsp;&nbsp;illeg\u00e1lisan terjesztett\u0151k a kult\u0171r\u00e1t. Azt\u00e1n negyedikben B\u00e1rdos Andris rendezett nekem egy Karinthy estet. Szinh\u00e1zrendez\u0151 akart lenni, \u00e9n meg szin\u00e9sz. \u00c9n maradtam, az \u0151 \u00e9lete m\u00e1sk\u00e9pp alakult. Sz\u00f3val a gimn\u00e1zium m\u00e9g jobban meger\u0151sitette terveimet. Le\u00e9retts\u00e9giztem, \u00e9s jelentkeztem a Szinm\u00fcv\u00e9szeti F\u0151iskol\u00e1ra. Nem vettek fel, igy azt\u00e1n a Nemzeti Szinh\u00e1z st\u0171di\u00f3j\u00e1ban k\u00f6t\u00f6ttem ki, ahol k\u00e9t gy\u00f6ny\u00f6r\u00fc \u00e9vet t\u00f6lt\u00f6ttem.<\/strong><\/p>\n","protected":false},"excerpt":{"rendered":"<p>A gimn\u00e1zium m\u00e1r egy komoly dolog. Azzal nem lehet viccelni, mert \u0171gy kiv\u00e1gnak, mint macsk\u00e1t\u2026 Igy azt\u00e1n k\u00e9nytelen voltam \u00f6sszeszedni [&hellip;]<\/p>\n","protected":false},"author":1,"featured_media":0,"parent":0,"menu_order":0,"comment_status":"closed","ping_status":"closed","template":"","meta":{"site-sidebar-layout":"default","site-content-layout":"","ast-site-content-layout":"default","site-content-style":"default","site-sidebar-style":"default","ast-global-header-display":"","ast-banner-title-visibility":"","ast-main-header-display":"","ast-hfb-above-header-display":"","ast-hfb-below-header-display":"","ast-hfb-mobile-header-display":"","site-post-title":"","ast-breadcrumbs-content":"","ast-featured-img":"","footer-sml-layout":"","theme-transparent-header-meta":"","adv-header-id-meta":"","stick-header-meta":"","header-above-stick-meta":"","header-main-stick-meta":"","header-below-stick-meta":"","astra-migrate-meta-layouts":"default","ast-page-background-enabled":"default","ast-page-background-meta":{"desktop":{"background-color":"var(--ast-global-color-5)","background-image":"","background-repeat":"repeat","background-position":"center center","background-size":"auto","background-attachment":"scroll","background-type":"","background-media":"","overlay-type":"","overlay-color":"","overlay-opacity":"","overlay-gradient":""},"tablet":{"background-color":"","background-image":"","background-repeat":"repeat","background-position":"center center","background-size":"auto","background-attachment":"scroll","background-type":"","background-media":"","overlay-type":"","overlay-color":"","overlay-opacity":"","overlay-gradient":""},"mobile":{"background-color":"","background-image":"","background-repeat":"repeat","background-position":"center center","background-size":"auto","background-attachment":"scroll","background-type":"","background-media":"","overlay-type":"","overlay-color":"","overlay-opacity":"","overlay-gradient":""}},"ast-content-background-meta":{"desktop":{"background-color":"var(--ast-global-color-4)","background-image":"","background-repeat":"repeat","background-position":"center center","background-size":"auto","background-attachment":"scroll","background-type":"","background-media":"","overlay-type":"","overlay-color":"","overlay-opacity":"","overlay-gradient":""},"tablet":{"background-color":"var(--ast-global-color-4)","background-image":"","background-repeat":"repeat","background-position":"center center","background-size":"auto","background-attachment":"scroll","background-type":"","background-media":"","overlay-type":"","overlay-color":"","overlay-opacity":"","overlay-gradient":""},"mobile":{"background-color":"var(--ast-global-color-4)","background-image":"","background-repeat":"repeat","background-position":"center center","background-size":"auto","background-attachment":"scroll","background-type":"","background-media":"","overlay-type":"","overlay-color":"","overlay-opacity":"","overlay-gradient":""}},"footnotes":""},"class_list":["post-576","page","type-page","status-publish","hentry"],"_links":{"self":[{"href":"https:\/\/hadajanos.hu\/index.php?rest_route=\/wp\/v2\/pages\/576","targetHints":{"allow":["GET"]}}],"collection":[{"href":"https:\/\/hadajanos.hu\/index.php?rest_route=\/wp\/v2\/pages"}],"about":[{"href":"https:\/\/hadajanos.hu\/index.php?rest_route=\/wp\/v2\/types\/page"}],"author":[{"embeddable":true,"href":"https:\/\/hadajanos.hu\/index.php?rest_route=\/wp\/v2\/users\/1"}],"replies":[{"embeddable":true,"href":"https:\/\/hadajanos.hu\/index.php?rest_route=%2Fwp%2Fv2%2Fcomments&post=576"}],"version-history":[{"count":3,"href":"https:\/\/hadajanos.hu\/index.php?rest_route=\/wp\/v2\/pages\/576\/revisions"}],"predecessor-version":[{"id":703,"href":"https:\/\/hadajanos.hu\/index.php?rest_route=\/wp\/v2\/pages\/576\/revisions\/703"}],"wp:attachment":[{"href":"https:\/\/hadajanos.hu\/index.php?rest_route=%2Fwp%2Fv2%2Fmedia&parent=576"}],"curies":[{"name":"wp","href":"https:\/\/api.w.org\/{rel}","templated":true}]}}