{"id":561,"date":"2023-03-28T13:02:24","date_gmt":"2023-03-28T11:02:24","guid":{"rendered":"https:\/\/hadajanos.hu\/?page_id=561"},"modified":"2023-03-28T13:09:33","modified_gmt":"2023-03-28T11:09:33","slug":"susu-a-sarkany-kalandjai","status":"publish","type":"page","link":"https:\/\/hadajanos.hu\/?page_id=561","title":{"rendered":"S\u00fcs\u00fc, a s\u00e1rk\u00e1ny kalandjai"},"content":{"rendered":"\n<figure class=\"wp-block-image size-full is-resized\"><img fetchpriority=\"high\" decoding=\"async\" src=\"https:\/\/hadajanos.hu\/hadajanosweb\/wp-content\/uploads\/2023\/03\/Susu-2021_WEB__DSC_6110-2.jpeg\" alt=\"\" class=\"wp-image-563\" width=\"686\" height=\"457\"\/><\/figure>\n\n\n\n<p>Eml\u00e9ksz\u00fcnk m\u00e9g a legend\u00e1s b\u00e1bfilmre a t\u00e9v\u00e9b\u0151l? Tal\u00e1n az egyik legfontosabb eml\u00e9k a gyerekkorunkb\u00f3l. S\u00fcs\u00fc, a s\u00e1rk\u00e1ny. Bodrogi Gyula hangj\u00e1val.<\/p>\n\n\n\n<p>\u00c9s \u00e9rdekes m\u00f3don semmit nem vesz\u00edtett f\u00e9ny\u00e9b\u0151l, mert a gyerekeknek m\u00e9g mind\u00edg a kedvence. Mondhatni \u00f6r\u00f6kz\u00f6ld.<\/p>\n\n\n\n<figure class=\"wp-block-gallery has-nested-images columns-default is-cropped wp-block-gallery-1 is-layout-flex wp-block-gallery-is-layout-flex\">\n<figure class=\"wp-block-image size-large\"><img decoding=\"async\" width=\"300\" height=\"200\" data-id=\"563\" src=\"https:\/\/hadajanos.hu\/hadajanosweb\/wp-content\/uploads\/2023\/03\/Susu-2021_WEB__DSC_6110-2.jpeg\" alt=\"\" class=\"wp-image-563\"\/><\/figure>\n\n\n\n<figure class=\"wp-block-image size-large\"><img decoding=\"async\" width=\"1024\" height=\"683\" data-id=\"560\" src=\"https:\/\/hadajanos.hu\/hadajanosweb\/wp-content\/uploads\/2023\/03\/Osc_018-1024x683.jpg\" alt=\"\" class=\"wp-image-560\" srcset=\"https:\/\/hadajanos.hu\/hadajanosweb\/wp-content\/uploads\/2023\/03\/Osc_018-1024x683.jpg 1024w, https:\/\/hadajanos.hu\/hadajanosweb\/wp-content\/uploads\/2023\/03\/Osc_018-300x200.jpg 300w, https:\/\/hadajanos.hu\/hadajanosweb\/wp-content\/uploads\/2023\/03\/Osc_018-768x512.jpg 768w, https:\/\/hadajanos.hu\/hadajanosweb\/wp-content\/uploads\/2023\/03\/Osc_018-1536x1024.jpg 1536w, https:\/\/hadajanos.hu\/hadajanosweb\/wp-content\/uploads\/2023\/03\/Osc_018-2048x1365.jpg 2048w\" sizes=\"(max-width: 1024px) 100vw, 1024px\" \/><\/figure>\n\n\n\n<figure class=\"wp-block-image size-large\"><img loading=\"lazy\" decoding=\"async\" width=\"1024\" height=\"515\" data-id=\"540\" src=\"https:\/\/hadajanos.hu\/hadajanosweb\/wp-content\/uploads\/2023\/03\/306482359_639819181129458_5495802080899920271_n-1024x515.jpg\" alt=\"\" class=\"wp-image-540\" srcset=\"https:\/\/hadajanos.hu\/hadajanosweb\/wp-content\/uploads\/2023\/03\/306482359_639819181129458_5495802080899920271_n-1024x515.jpg 1024w, https:\/\/hadajanos.hu\/hadajanosweb\/wp-content\/uploads\/2023\/03\/306482359_639819181129458_5495802080899920271_n-300x151.jpg 300w, https:\/\/hadajanos.hu\/hadajanosweb\/wp-content\/uploads\/2023\/03\/306482359_639819181129458_5495802080899920271_n-768x386.jpg 768w, https:\/\/hadajanos.hu\/hadajanosweb\/wp-content\/uploads\/2023\/03\/306482359_639819181129458_5495802080899920271_n-1536x772.jpg 1536w, https:\/\/hadajanos.hu\/hadajanosweb\/wp-content\/uploads\/2023\/03\/306482359_639819181129458_5495802080899920271_n.jpg 1907w\" sizes=\"(max-width: 1024px) 100vw, 1024px\" \/><\/figure>\n<\/figure>\n\n\n\n<figure class=\"wp-block-table has-small-font-size\"><table><tbody><tr><td>f<\/td><td>f<\/td><\/tr><\/tbody><\/table><\/figure>\n\n\n\n<figure class=\"wp-block-video\"><video height=\"720\" style=\"aspect-ratio: 1280 \/ 720;\" width=\"1280\" autoplay controls poster=\"https:\/\/hadajanos.hu\/hadajanosweb\/wp-content\/uploads\/2023\/03\/Susu-2021_WEB__DSC_6110-2.jpeg\" preload=\"auto\" src=\"https:\/\/hadajanos.hu\/hadajanosweb\/wp-content\/uploads\/2023\/03\/SUSUAJANLO007.mp4\"><\/video><\/figure>\n","protected":false},"excerpt":{"rendered":"<p>Eml\u00e9ksz\u00fcnk m\u00e9g a legend\u00e1s b\u00e1bfilmre a t\u00e9v\u00e9b\u0151l? Tal\u00e1n az egyik legfontosabb eml\u00e9k a gyerekkorunkb\u00f3l. S\u00fcs\u00fc, a s\u00e1rk\u00e1ny. Bodrogi Gyula hangj\u00e1val. [&hellip;]<\/p>\n","protected":false},"author":1,"featured_media":0,"parent":0,"menu_order":0,"comment_status":"closed","ping_status":"closed","template":"","meta":{"site-sidebar-layout":"default","site-content-layout":"","ast-site-content-layout":"default","site-content-style":"default","site-sidebar-style":"default","ast-global-header-display":"","ast-banner-title-visibility":"","ast-main-header-display":"","ast-hfb-above-header-display":"","ast-hfb-below-header-display":"","ast-hfb-mobile-header-display":"","site-post-title":"","ast-breadcrumbs-content":"","ast-featured-img":"","footer-sml-layout":"","theme-transparent-header-meta":"","adv-header-id-meta":"","stick-header-meta":"","header-above-stick-meta":"","header-main-stick-meta":"","header-below-stick-meta":"","astra-migrate-meta-layouts":"default","ast-page-background-enabled":"default","ast-page-background-meta":{"desktop":{"background-color":"var(--ast-global-color-5)","background-image":"","background-repeat":"repeat","background-position":"center center","background-size":"auto","background-attachment":"scroll","background-type":"","background-media":"","overlay-type":"","overlay-color":"","overlay-opacity":"","overlay-gradient":""},"tablet":{"background-color":"","background-image":"","background-repeat":"repeat","background-position":"center center","background-size":"auto","background-attachment":"scroll","background-type":"","background-media":"","overlay-type":"","overlay-color":"","overlay-opacity":"","overlay-gradient":""},"mobile":{"background-color":"","background-image":"","background-repeat":"repeat","background-position":"center center","background-size":"auto","background-attachment":"scroll","background-type":"","background-media":"","overlay-type":"","overlay-color":"","overlay-opacity":"","overlay-gradient":""}},"ast-content-background-meta":{"desktop":{"background-color":"var(--ast-global-color-4)","background-image":"","background-repeat":"repeat","background-position":"center center","background-size":"auto","background-attachment":"scroll","background-type":"","background-media":"","overlay-type":"","overlay-color":"","overlay-opacity":"","overlay-gradient":""},"tablet":{"background-color":"var(--ast-global-color-4)","background-image":"","background-repeat":"repeat","background-position":"center center","background-size":"auto","background-attachment":"scroll","background-type":"","background-media":"","overlay-type":"","overlay-color":"","overlay-opacity":"","overlay-gradient":""},"mobile":{"background-color":"var(--ast-global-color-4)","background-image":"","background-repeat":"repeat","background-position":"center center","background-size":"auto","background-attachment":"scroll","background-type":"","background-media":"","overlay-type":"","overlay-color":"","overlay-opacity":"","overlay-gradient":""}},"footnotes":""},"class_list":["post-561","page","type-page","status-publish","hentry"],"_links":{"self":[{"href":"https:\/\/hadajanos.hu\/index.php?rest_route=\/wp\/v2\/pages\/561","targetHints":{"allow":["GET"]}}],"collection":[{"href":"https:\/\/hadajanos.hu\/index.php?rest_route=\/wp\/v2\/pages"}],"about":[{"href":"https:\/\/hadajanos.hu\/index.php?rest_route=\/wp\/v2\/types\/page"}],"author":[{"embeddable":true,"href":"https:\/\/hadajanos.hu\/index.php?rest_route=\/wp\/v2\/users\/1"}],"replies":[{"embeddable":true,"href":"https:\/\/hadajanos.hu\/index.php?rest_route=%2Fwp%2Fv2%2Fcomments&post=561"}],"version-history":[{"count":2,"href":"https:\/\/hadajanos.hu\/index.php?rest_route=\/wp\/v2\/pages\/561\/revisions"}],"predecessor-version":[{"id":567,"href":"https:\/\/hadajanos.hu\/index.php?rest_route=\/wp\/v2\/pages\/561\/revisions\/567"}],"wp:attachment":[{"href":"https:\/\/hadajanos.hu\/index.php?rest_route=%2Fwp%2Fv2%2Fmedia&parent=561"}],"curies":[{"name":"wp","href":"https:\/\/api.w.org\/{rel}","templated":true}]}}