{"id":542,"date":"2023-03-27T18:08:27","date_gmt":"2023-03-27T16:08:27","guid":{"rendered":"https:\/\/hadajanos.hu\/?page_id=542"},"modified":"2026-02-18T08:32:23","modified_gmt":"2026-02-18T07:32:23","slug":"szinkronkepzes","status":"publish","type":"page","link":"https:\/\/hadajanos.hu\/?page_id=542","title":{"rendered":"SZINKRON\u00c9PZ\u00c9S 2026"},"content":{"rendered":"\t\t<div data-elementor-type=\"wp-page\" data-elementor-id=\"542\" class=\"elementor elementor-542\">\n\t\t\t\t<div class=\"elementor-element elementor-element-181bbcce e-flex e-con-boxed e-con e-parent\" data-id=\"181bbcce\" data-element_type=\"container\">\n\t\t\t\t\t<div class=\"e-con-inner\">\n\t\t\t\t<div class=\"elementor-element elementor-element-580185d2 elementor-widget elementor-widget-text-editor\" data-id=\"580185d2\" data-element_type=\"widget\" data-widget_type=\"text-editor.default\">\n\t\t\t\t\t\t\t\t\t<p><\/p>\n<figure class=\"wp-block-gallery has-nested-images columns-default is-cropped wp-block-gallery-2 is-layout-flex wp-block-gallery-is-layout-flex\"><p><\/p>\n<figure class=\"wp-block-image size-large\"><img fetchpriority=\"high\" decoding=\"async\" width=\"886\" height=\"483\" data-id=\"695\" class=\"wp-image-695\" src=\"https:\/\/hadajanos.hu\/hadajanosweb\/wp-content\/uploads\/2023\/08\/SzinkroniskolaATADAN01.png\" alt=\"\" srcset=\"https:\/\/hadajanos.hu\/hadajanosweb\/wp-content\/uploads\/2023\/08\/SzinkroniskolaATADAN01.png 886w, https:\/\/hadajanos.hu\/hadajanosweb\/wp-content\/uploads\/2023\/08\/SzinkroniskolaATADAN01-300x164.png 300w, https:\/\/hadajanos.hu\/hadajanosweb\/wp-content\/uploads\/2023\/08\/SzinkroniskolaATADAN01-768x419.png 768w\" sizes=\"(max-width: 886px) 100vw, 886px\" \/><\/figure>\n<p><\/p><\/figure>\n<p><\/p>\n<p>2026 M\u00c1RCIUST\u00d3L \u00daJRA KURZUSOKAT IND\u00cdTUNK<\/p>\n<p><\/p>\n<div class=\"wp-block-buttons is-layout-flex wp-block-buttons-is-layout-flex\"><p><\/p>\n<div class=\"wp-block-button is-style-fill\"><a class=\"wp-block-button__link wp-element-button\" href=\"https:\/\/hadartszinhaz.hu\/hadart-szinkron-iskola-landing-page-2022\/\"><mark class=\"has-inline-color has-white-color\" style=\"background-color: rgba(0, 0, 0, 0);\">T\u00f6bbet akarok megtudni err\u0151l<\/mark><\/a><\/div>\n<p><\/p><\/div>\n<p><\/p>\n<p><strong>Szinkron sz\u00edn\u00e9sz tanfolyamunkon 8-12 f\u0151s csoportokat ind\u00edtunk.<\/strong><\/p>\n<p><\/p>\n<p><strong>\u00c9rdekel a szinkronszakma? Szeretn\u00e9l megtanulni profin szinkroniz\u00e1lni?<\/strong><\/p>\n<p><\/p>\n<p>N\u00e9h\u00e1ny pontban \u00f6sszefoglaltuk, hogy mi mindent tanulhattok a szinkronk\u00e9pz\u00e9s\u00fcnk\u00f6n H\u00e1da J\u00e1nos ir\u00e1ny\u00edt\u00e1s\u00e1val.<\/p>\n<p><\/p>\n<ol class=\"wp-block-list\"><p><\/p>\n<li>Elm\u00e9let \u2013 hogyan n\u00e9z ki egy szinkronst\u00fadi\u00f3 \u00e9s mit kell tudni r\u00f3la?<\/li>\n<p><\/p>\n<li>Sz\u00f6veg kezel\u00e9s \u2013 hogyan kezelj\u00fck az \u00edrott sz\u00f6veget, \u00e9s milyen \u201emank\u00f3ink\u201d vannak a k\u00f6zpontoz\u00e1sban?<\/li>\n<p><\/p>\n<li>Sz\u00edn\u00e9szi j\u00e1t\u00e9k \u2013 gyakorlatokon kereszt\u00fcl elsaj\u00e1t\u00edtod a lek\u00e9pz\u00e9s \u00e9s azonosul\u00e1s m\u0171v\u00e9szet\u00e9t.<\/li>\n<p><\/p>\n<li>Fejlesztj\u00fck a besz\u00e9dtechnik\u00e1dat.<\/li>\n<p><\/p>\n<li>Megtanuljuk, hogy mi az a \u201eblattol\u00e1s\u201d.<\/li>\n<p><\/p>\n<li>Szitu\u00e1ci\u00f3s gyakorlatokon kereszt\u00fcl szert teszel a hangod soksz\u00edn\u0171 haszn\u00e1lat\u00e1ra.<\/li>\n<p><\/p>\n<li>Megtanulod a szinkron forgat\u00f3k\u00f6nyv jelz\u00e9seit, melyek engedhetetlenek a munk\u00e1nk sor\u00e1n.<\/li>\n<p><\/p>\n<li>A szinkroniz\u00e1l\u00e1s sok-sok gyakorl\u00e1sa.<\/li>\n<p><\/p>\n<li>Mi az a f\u00fcles n\u00e9lk\u00fcli szinkroniz\u00e1l\u00e1s?<\/li>\n<p><\/p><\/ol>\n<p><\/p>\n<p>Ha felkeltett\u00fck az \u00e9rdekl\u0151d\u00e9sedet kattints a linkre tov\u00e1bbi inform\u00e1ci\u00f3k\u00e9rt!<\/p>\n<p><\/p>\n<p><a href=\"https:\/\/hadartszinhaz.hu\/hadart-szinkron-iskola-landing-page-2022\/\">Szinkronk\u00e9pz\u00e9s Inform\u00e1ci\u00f3k \u00e9s Jelentkez\u00e9s 202<\/a>6<\/p>\n<p><\/p>\n<p><\/p>\t\t\t\t\t\t\t\t<\/div>\n\t\t\t\t\t<\/div>\n\t\t\t\t<\/div>\n\t\t\t\t<\/div>\n\t\t","protected":false},"excerpt":{"rendered":"<p>2026 M\u00c1RCIUST\u00d3L \u00daJRA KURZUSOKAT IND\u00cdTUNK Szinkron sz\u00edn\u00e9sz tanfolyamunkon 8-12 f\u0151s csoportokat ind\u00edtunk. \u00c9rdekel a szinkronszakma? Szeretn\u00e9l megtanulni profin szinkroniz\u00e1lni? N\u00e9h\u00e1ny [&hellip;]<\/p>\n","protected":false},"author":1,"featured_media":0,"parent":0,"menu_order":0,"comment_status":"closed","ping_status":"closed","template":"","meta":{"site-sidebar-layout":"default","site-content-layout":"","ast-site-content-layout":"default","site-content-style":"default","site-sidebar-style":"default","ast-global-header-display":"","ast-banner-title-visibility":"","ast-main-header-display":"","ast-hfb-above-header-display":"","ast-hfb-below-header-display":"","ast-hfb-mobile-header-display":"","site-post-title":"","ast-breadcrumbs-content":"","ast-featured-img":"","footer-sml-layout":"","theme-transparent-header-meta":"","adv-header-id-meta":"","stick-header-meta":"","header-above-stick-meta":"","header-main-stick-meta":"","header-below-stick-meta":"","astra-migrate-meta-layouts":"default","ast-page-background-enabled":"default","ast-page-background-meta":{"desktop":{"background-color":"var(--ast-global-color-5)","background-image":"","background-repeat":"repeat","background-position":"center center","background-size":"auto","background-attachment":"scroll","background-type":"","background-media":"","overlay-type":"","overlay-color":"","overlay-opacity":"","overlay-gradient":""},"tablet":{"background-color":"","background-image":"","background-repeat":"repeat","background-position":"center center","background-size":"auto","background-attachment":"scroll","background-type":"","background-media":"","overlay-type":"","overlay-color":"","overlay-opacity":"","overlay-gradient":""},"mobile":{"background-color":"","background-image":"","background-repeat":"repeat","background-position":"center center","background-size":"auto","background-attachment":"scroll","background-type":"","background-media":"","overlay-type":"","overlay-color":"","overlay-opacity":"","overlay-gradient":""}},"ast-content-background-meta":{"desktop":{"background-color":"var(--ast-global-color-4)","background-image":"","background-repeat":"repeat","background-position":"center center","background-size":"auto","background-attachment":"scroll","background-type":"","background-media":"","overlay-type":"","overlay-color":"","overlay-opacity":"","overlay-gradient":""},"tablet":{"background-color":"var(--ast-global-color-4)","background-image":"","background-repeat":"repeat","background-position":"center center","background-size":"auto","background-attachment":"scroll","background-type":"","background-media":"","overlay-type":"","overlay-color":"","overlay-opacity":"","overlay-gradient":""},"mobile":{"background-color":"var(--ast-global-color-4)","background-image":"","background-repeat":"repeat","background-position":"center center","background-size":"auto","background-attachment":"scroll","background-type":"","background-media":"","overlay-type":"","overlay-color":"","overlay-opacity":"","overlay-gradient":""}},"footnotes":""},"class_list":["post-542","page","type-page","status-publish","hentry"],"_links":{"self":[{"href":"https:\/\/hadajanos.hu\/index.php?rest_route=\/wp\/v2\/pages\/542","targetHints":{"allow":["GET"]}}],"collection":[{"href":"https:\/\/hadajanos.hu\/index.php?rest_route=\/wp\/v2\/pages"}],"about":[{"href":"https:\/\/hadajanos.hu\/index.php?rest_route=\/wp\/v2\/types\/page"}],"author":[{"embeddable":true,"href":"https:\/\/hadajanos.hu\/index.php?rest_route=\/wp\/v2\/users\/1"}],"replies":[{"embeddable":true,"href":"https:\/\/hadajanos.hu\/index.php?rest_route=%2Fwp%2Fv2%2Fcomments&post=542"}],"version-history":[{"count":24,"href":"https:\/\/hadajanos.hu\/index.php?rest_route=\/wp\/v2\/pages\/542\/revisions"}],"predecessor-version":[{"id":894,"href":"https:\/\/hadajanos.hu\/index.php?rest_route=\/wp\/v2\/pages\/542\/revisions\/894"}],"wp:attachment":[{"href":"https:\/\/hadajanos.hu\/index.php?rest_route=%2Fwp%2Fv2%2Fmedia&parent=542"}],"curies":[{"name":"wp","href":"https:\/\/api.w.org\/{rel}","templated":true}]}}