{"id":442,"date":"2023-02-26T16:22:24","date_gmt":"2023-02-26T15:22:24","guid":{"rendered":"https:\/\/hadajanos.hu\/?page_id=442"},"modified":"2025-07-17T00:57:28","modified_gmt":"2025-07-16T22:57:28","slug":"susu-kepek","status":"publish","type":"page","link":"https:\/\/hadajanos.hu\/?page_id=442","title":{"rendered":"Plak\u00e1tok"},"content":{"rendered":"\t\t<div data-elementor-type=\"wp-page\" data-elementor-id=\"442\" class=\"elementor elementor-442\">\n\t\t\t\t<div class=\"elementor-element elementor-element-3a9eea80 e-flex e-con-boxed e-con e-parent\" data-id=\"3a9eea80\" data-element_type=\"container\" data-settings=\"{&quot;background_background&quot;:&quot;gradient&quot;}\">\n\t\t\t\t\t<div class=\"e-con-inner\">\n\t\t\t\t<div class=\"elementor-element elementor-element-12d3bcb1 elementor-widget elementor-widget-text-editor\" data-id=\"12d3bcb1\" data-element_type=\"widget\" data-widget_type=\"text-editor.default\">\n\t\t\t\t\t\t\t\t\t<figure class=\"wp-block-gallery has-nested-images columns-default is-cropped\">\n<p>\u00a0<\/p>\n<figure class=\"wp-block-image size-large\">Micimack\u00f3<img fetchpriority=\"high\" decoding=\"async\" width=\"214\" height=\"300\" class=\"wp-image-273\" src=\"https:\/\/hadajanos.hu\/hadajanosweb\/wp-content\/uploads\/2023\/02\/Micimacko__Thumbnail-300__2022-07__002.jpeg\" alt=\"\" \/><\/figure>\n<p><\/p>\n<figure class=\"wp-block-image size-large\">Orfeum<img decoding=\"async\" width=\"215\" height=\"300\" class=\"wp-image-269\" src=\"https:\/\/hadajanos.hu\/hadajanosweb\/wp-content\/uploads\/2023\/02\/ORFEUM__A5-Flyer__Blank-Date__2022__002-215x300-1.jpeg\" alt=\"\" \/><\/figure>\n<p><\/p>\n<figure class=\"wp-block-image size-large\">Oscar<img decoding=\"async\" width=\"216\" height=\"300\" class=\"wp-image-271\" src=\"https:\/\/hadajanos.hu\/hadajanosweb\/wp-content\/uploads\/2023\/02\/OSCAR__A5-Flyer__2021__007-216x300-1.jpeg\" alt=\"\" \/><\/figure>\n<p><\/p>\n<figure class=\"wp-block-image size-large\">\u0150r\u00fcletek Tornya<img loading=\"lazy\" decoding=\"async\" width=\"216\" height=\"300\" class=\"wp-image-270\" src=\"https:\/\/hadajanos.hu\/hadajanosweb\/wp-content\/uploads\/2023\/02\/Oruletek-Tornya__A5-Flyer__20211103__001-216x300-1.jpeg\" alt=\"\" \/><\/figure>\n<p><\/p>\n<figure class=\"wp-block-image size-large\">S\u00fcs\u00fc a s\u00e1rk\u00e1ny<img loading=\"lazy\" decoding=\"async\" width=\"212\" height=\"300\" class=\"wp-image-272\" src=\"https:\/\/hadajanos.hu\/hadajanosweb\/wp-content\/uploads\/2023\/02\/SUSU_A3_gcs_2018-12-03_001-212x300-1.jpeg\" alt=\"\" \/><\/figure>\n<p><\/p>\n<figure class=\"wp-block-image size-large\">Kiserdei krimikaland<img loading=\"lazy\" decoding=\"async\" width=\"224\" height=\"300\" class=\"wp-image-267\" src=\"https:\/\/hadajanos.hu\/hadajanosweb\/wp-content\/uploads\/2023\/02\/MICIMACKOplakat.png\" alt=\"\" \/><\/figure>\n<p><\/p>\n<figure class=\"wp-block-image size-large\"><img loading=\"lazy\" decoding=\"async\" width=\"214\" height=\"300\" class=\"wp-image-263\" src=\"https:\/\/hadajanos.hu\/hadajanosweb\/wp-content\/uploads\/2023\/02\/BubajosEtellift__A3-Poster__004-214x300-1.jpeg\" alt=\"\" \/><\/figure>\n<p><\/p>\n<figure class=\"wp-block-image size-large\"><img loading=\"lazy\" decoding=\"async\" width=\"209\" height=\"300\" class=\"wp-image-265\" src=\"https:\/\/hadajanos.hu\/hadajanosweb\/wp-content\/uploads\/2023\/02\/HBB_web_musor_001-209x300-1.jpeg\" alt=\"\" \/><\/figure>\n<p><\/p>\n<figure class=\"wp-block-image size-large\"><img loading=\"lazy\" decoding=\"async\" width=\"214\" height=\"300\" class=\"wp-image-264\" src=\"https:\/\/hadajanos.hu\/hadajanosweb\/wp-content\/uploads\/2023\/02\/Csikoska-Pottyoske__A5__001_Page_1__v002-214x300-1.jpeg\" alt=\"\" \/><\/figure>\n<p><\/p>\n<figure class=\"wp-block-image size-large\"><img loading=\"lazy\" decoding=\"async\" width=\"216\" height=\"300\" class=\"wp-image-266\" src=\"https:\/\/hadajanos.hu\/hadajanosweb\/wp-content\/uploads\/2023\/02\/JOHETSZ-DRAGAM__A5-Flyer_20211103__002-216x300-1.jpeg\" alt=\"\" \/><\/figure>\n<\/figure>\n<div class=\"wp-block-columns\">\n<div class=\"wp-block-column\">\n<p><\/p>\n<\/div>\n<p><!-- \/wp:column --><\/p>\n<\/div>\n<p><!-- \/wp:columns --><\/p>\t\t\t\t\t\t\t\t<\/div>\n\t\t\t\t\t<\/div>\n\t\t\t\t<\/div>\n\t\t<div class=\"elementor-element elementor-element-c0e3283 e-flex e-con-boxed e-con e-parent\" data-id=\"c0e3283\" data-element_type=\"container\">\n\t\t\t\t\t<div class=\"e-con-inner\">\n\t\t\t\t<div class=\"elementor-element elementor-element-a11ec29 elementor-widget elementor-widget-heading\" data-id=\"a11ec29\" data-element_type=\"widget\" data-widget_type=\"heading.default\">\n\t\t\t\t\t<h2 class=\"elementor-heading-title elementor-size-default\">Add meg itt a c\u00edmsor sz\u00f6veg\u00e9t<\/h2>\t\t\t\t<\/div>\n\t\t\t\t\t<\/div>\n\t\t\t\t<\/div>\n\t\t\t\t<\/div>\n\t\t","protected":false},"excerpt":{"rendered":"<p>Add meg itt a c\u00edmsor sz\u00f6veg\u00e9t<\/p>\n","protected":false},"author":1,"featured_media":0,"parent":0,"menu_order":0,"comment_status":"closed","ping_status":"closed","template":"","meta":{"site-sidebar-layout":"default","site-content-layout":"","ast-site-content-layout":"default","site-content-style":"default","site-sidebar-style":"default","ast-global-header-display":"","ast-banner-title-visibility":"","ast-main-header-display":"","ast-hfb-above-header-display":"","ast-hfb-below-header-display":"","ast-hfb-mobile-header-display":"","site-post-title":"","ast-breadcrumbs-content":"","ast-featured-img":"","footer-sml-layout":"","theme-transparent-header-meta":"","adv-header-id-meta":"","stick-header-meta":"","header-above-stick-meta":"","header-main-stick-meta":"","header-below-stick-meta":"","astra-migrate-meta-layouts":"default","ast-page-background-enabled":"default","ast-page-background-meta":{"desktop":{"background-color":"var(--ast-global-color-5)","background-image":"","background-repeat":"repeat","background-position":"center center","background-size":"auto","background-attachment":"scroll","background-type":"","background-media":"","overlay-type":"","overlay-color":"","overlay-opacity":"","overlay-gradient":""},"tablet":{"background-color":"","background-image":"","background-repeat":"repeat","background-position":"center center","background-size":"auto","background-attachment":"scroll","background-type":"","background-media":"","overlay-type":"","overlay-color":"","overlay-opacity":"","overlay-gradient":""},"mobile":{"background-color":"","background-image":"","background-repeat":"repeat","background-position":"center center","background-size":"auto","background-attachment":"scroll","background-type":"","background-media":"","overlay-type":"","overlay-color":"","overlay-opacity":"","overlay-gradient":""}},"ast-content-background-meta":{"desktop":{"background-color":"var(--ast-global-color-4)","background-image":"","background-repeat":"repeat","background-position":"center center","background-size":"auto","background-attachment":"scroll","background-type":"","background-media":"","overlay-type":"","overlay-color":"","overlay-opacity":"","overlay-gradient":""},"tablet":{"background-color":"var(--ast-global-color-4)","background-image":"","background-repeat":"repeat","background-position":"center center","background-size":"auto","background-attachment":"scroll","background-type":"","background-media":"","overlay-type":"","overlay-color":"","overlay-opacity":"","overlay-gradient":""},"mobile":{"background-color":"var(--ast-global-color-4)","background-image":"","background-repeat":"repeat","background-position":"center center","background-size":"auto","background-attachment":"scroll","background-type":"","background-media":"","overlay-type":"","overlay-color":"","overlay-opacity":"","overlay-gradient":""}},"footnotes":""},"class_list":["post-442","page","type-page","status-publish","hentry"],"_links":{"self":[{"href":"https:\/\/hadajanos.hu\/index.php?rest_route=\/wp\/v2\/pages\/442","targetHints":{"allow":["GET"]}}],"collection":[{"href":"https:\/\/hadajanos.hu\/index.php?rest_route=\/wp\/v2\/pages"}],"about":[{"href":"https:\/\/hadajanos.hu\/index.php?rest_route=\/wp\/v2\/types\/page"}],"author":[{"embeddable":true,"href":"https:\/\/hadajanos.hu\/index.php?rest_route=\/wp\/v2\/users\/1"}],"replies":[{"embeddable":true,"href":"https:\/\/hadajanos.hu\/index.php?rest_route=%2Fwp%2Fv2%2Fcomments&post=442"}],"version-history":[{"count":7,"href":"https:\/\/hadajanos.hu\/index.php?rest_route=\/wp\/v2\/pages\/442\/revisions"}],"predecessor-version":[{"id":855,"href":"https:\/\/hadajanos.hu\/index.php?rest_route=\/wp\/v2\/pages\/442\/revisions\/855"}],"wp:attachment":[{"href":"https:\/\/hadajanos.hu\/index.php?rest_route=%2Fwp%2Fv2%2Fmedia&parent=442"}],"curies":[{"name":"wp","href":"https:\/\/api.w.org\/{rel}","templated":true}]}}