{"id":282,"date":"2023-02-24T21:22:58","date_gmt":"2023-02-24T20:22:58","guid":{"rendered":"https:\/\/hadajanos.hu\/?page_id=282"},"modified":"2026-02-18T23:50:32","modified_gmt":"2026-02-18T22:50:32","slug":"eletpalya","status":"publish","type":"page","link":"https:\/\/hadajanos.hu\/","title":{"rendered":"Kezd\u0151lap"},"content":{"rendered":"\t\t<div data-elementor-type=\"wp-page\" data-elementor-id=\"282\" class=\"elementor elementor-282\">\n\t\t\t\t<div class=\"elementor-element elementor-element-7d2bd5c7 e-flex e-con-boxed e-con e-parent\" data-id=\"7d2bd5c7\" data-element_type=\"container\" data-settings=\"{&quot;background_background&quot;:&quot;gradient&quot;}\">\n\t\t\t\t\t<div class=\"e-con-inner\">\n\t\t\t\t<div class=\"elementor-element elementor-element-5dc6f5e elementor-widget elementor-widget-text-editor\" data-id=\"5dc6f5e\" data-element_type=\"widget\" data-widget_type=\"text-editor.default\">\n\t\t\t\t\t\t\t\t\t\n<figure class=\"wp-block-image size-full\"><img fetchpriority=\"high\" decoding=\"async\" width=\"840\" height=\"400\" class=\"wp-image-510 aligncenter\" src=\"https:\/\/hadajanos.hu\/hadajanosweb\/wp-content\/uploads\/2023\/02\/Fooldalra840-\u00d7-400-keppont.png\" alt=\"\" srcset=\"https:\/\/hadajanos.hu\/hadajanosweb\/wp-content\/uploads\/2023\/02\/Fooldalra840-\u00d7-400-keppont.png 840w, https:\/\/hadajanos.hu\/hadajanosweb\/wp-content\/uploads\/2023\/02\/Fooldalra840-\u00d7-400-keppont-300x143.png 300w, https:\/\/hadajanos.hu\/hadajanosweb\/wp-content\/uploads\/2023\/02\/Fooldalra840-\u00d7-400-keppont-768x366.png 768w\" sizes=\"(max-width: 840px) 100vw, 840px\" \/><\/figure>\n\n<div class=\"wp-block-column is-layout-flow wp-block-column-is-layout-flow\">\n<p class=\"has-text-align-center has-white-color has-cyan-bluish-gray-background-color has-text-color has-background\"><a href=\"https:\/\/hadartszinhaz.hu\/hadart-szinkron-iskola-landing-page-2024\/\"><b>WORKSHOP<\/b><\/a><\/p>\n<p>\u00a0<\/p>\n<\/div>\n<\/div>\n\t\t\t\t\t\t\t\t<\/div>\n\t\t\t\t\t<\/div>\n\t\t\t\t<\/div>\n\t\t\n<div class=\"wp-block-columns is-layout-flex wp-container-core-columns-is-layout-28f84493 wp-block-columns-is-layout-flex\">\n<div class=\"wp-block-column is-layout-flow wp-block-column-is-layout-flow\">\n<p class=\"has-text-align-center has-black-color has-very-light-gray-to-cyan-bluish-gray-gradient-background has-text-color has-background\"><a href=\"https:\/\/hadajanos.hu\/?page_id=542\">SZINKRONK\u00c9PZ\u00c9S<\/a><\/p>\n<\/div>\n\n<div class=\"wp-block-column is-layout-flow wp-block-column-is-layout-flow\">\n<p class=\"has-text-align-center has-black-color has-text-color has-background\" style=\"background: linear-gradient(90deg,#eeeeee 0%,#a9b8c3 100%);\"><a href=\"http:\/\/hadajanos.hu\/?page_id=209\"><strong>SZ\u00cdNH\u00c1Z<\/strong><\/a><\/p>\n<\/div>\n<!-- wp:column -->\n<div class=\"wp-block-column\"><!-- wp:paragraph {\"align\":\"center\",\"backgroundColor\":\"cyan-bluish-gray\",\"textColor\":\"white\"} -->\n<p class=\"has-text-align-center has-white-color has-cyan-bluish-gray-background-color has-text-color has-background\"><a href=\"https:\/\/hadartszinhaz.hu\/hadart-szinkron-iskola-landing-page-2024\/\"><b>WORKSHOP<\/b><\/a><\/p>\n<p>\u00a0<\/p>\n<\/div>\n<\/div>\n<!-- \/wp:image -->\t\t\t\t\t\t\t\t<\/div>\n\t\t\t\t\t<\/div>\n\t\t\t\t<\/div>\n\t\t\t\t<\/div>\n\t\t","protected":false},"excerpt":{"rendered":"<p>WORKSHOP \u00a0 SZINKRONK\u00c9PZ\u00c9S SZ\u00cdNH\u00c1Z<\/p>\n","protected":false},"author":1,"featured_media":0,"parent":0,"menu_order":0,"comment_status":"closed","ping_status":"closed","template":"","meta":{"site-sidebar-layout":"default","site-content-layout":"","ast-site-content-layout":"default","site-content-style":"default","site-sidebar-style":"default","ast-global-header-display":"","ast-banner-title-visibility":"","ast-main-header-display":"","ast-hfb-above-header-display":"","ast-hfb-below-header-display":"","ast-hfb-mobile-header-display":"","site-post-title":"","ast-breadcrumbs-content":"","ast-featured-img":"","footer-sml-layout":"","theme-transparent-header-meta":"","adv-header-id-meta":"","stick-header-meta":"","header-above-stick-meta":"","header-main-stick-meta":"","header-below-stick-meta":"","astra-migrate-meta-layouts":"default","ast-page-background-enabled":"default","ast-page-background-meta":{"desktop":{"background-color":"var(--ast-global-color-5)","background-image":"","background-repeat":"repeat","background-position":"center center","background-size":"auto","background-attachment":"scroll","background-type":"","background-media":"","overlay-type":"","overlay-color":"","overlay-opacity":"","overlay-gradient":""},"tablet":{"background-color":"","background-image":"","background-repeat":"repeat","background-position":"center center","background-size":"auto","background-attachment":"scroll","background-type":"","background-media":"","overlay-type":"","overlay-color":"","overlay-opacity":"","overlay-gradient":""},"mobile":{"background-color":"","background-image":"","background-repeat":"repeat","background-position":"center center","background-size":"auto","background-attachment":"scroll","background-type":"","background-media":"","overlay-type":"","overlay-color":"","overlay-opacity":"","overlay-gradient":""}},"ast-content-background-meta":{"desktop":{"background-color":"var(--ast-global-color-4)","background-image":"","background-repeat":"repeat","background-position":"center center","background-size":"auto","background-attachment":"scroll","background-type":"","background-media":"","overlay-type":"","overlay-color":"","overlay-opacity":"","overlay-gradient":""},"tablet":{"background-color":"var(--ast-global-color-4)","background-image":"","background-repeat":"repeat","background-position":"center center","background-size":"auto","background-attachment":"scroll","background-type":"","background-media":"","overlay-type":"","overlay-color":"","overlay-opacity":"","overlay-gradient":""},"mobile":{"background-color":"var(--ast-global-color-4)","background-image":"","background-repeat":"repeat","background-position":"center center","background-size":"auto","background-attachment":"scroll","background-type":"","background-media":"","overlay-type":"","overlay-color":"","overlay-opacity":"","overlay-gradient":""}},"footnotes":""},"class_list":["post-282","page","type-page","status-publish","hentry"],"_links":{"self":[{"href":"https:\/\/hadajanos.hu\/index.php?rest_route=\/wp\/v2\/pages\/282","targetHints":{"allow":["GET"]}}],"collection":[{"href":"https:\/\/hadajanos.hu\/index.php?rest_route=\/wp\/v2\/pages"}],"about":[{"href":"https:\/\/hadajanos.hu\/index.php?rest_route=\/wp\/v2\/types\/page"}],"author":[{"embeddable":true,"href":"https:\/\/hadajanos.hu\/index.php?rest_route=\/wp\/v2\/users\/1"}],"replies":[{"embeddable":true,"href":"https:\/\/hadajanos.hu\/index.php?rest_route=%2Fwp%2Fv2%2Fcomments&post=282"}],"version-history":[{"count":90,"href":"https:\/\/hadajanos.hu\/index.php?rest_route=\/wp\/v2\/pages\/282\/revisions"}],"predecessor-version":[{"id":922,"href":"https:\/\/hadajanos.hu\/index.php?rest_route=\/wp\/v2\/pages\/282\/revisions\/922"}],"wp:attachment":[{"href":"https:\/\/hadajanos.hu\/index.php?rest_route=%2Fwp%2Fv2%2Fmedia&parent=282"}],"curies":[{"name":"wp","href":"https:\/\/api.w.org\/{rel}","templated":true}]}}