{"id":209,"date":"2023-02-23T22:35:36","date_gmt":"2023-02-23T21:35:36","guid":{"rendered":"https:\/\/hadajanos.hu\/?page_id=209"},"modified":"2023-08-09T23:01:30","modified_gmt":"2023-08-09T21:01:30","slug":"proba","status":"publish","type":"page","link":"https:\/\/hadajanos.hu\/?page_id=209","title":{"rendered":"A Hadart Sz\u00ednh\u00e1z"},"content":{"rendered":"\n<blockquote class=\"wp-block-quote is-layout-flow wp-block-quote-is-layout-flow\">\n<p><img decoding=\"async\" width=\"300\" height=\"102\" class=\"wp-image-440\" style=\"width: 300px;\" src=\"https:\/\/hadajanos.hu\/hadajanosweb\/wp-content\/uploads\/2023\/02\/Hadart_szinhaz_logo_-e1677421877756.png\" alt=\"\">Sz\u00ednh\u00e1z az eg\u00e9sz vil\u00e1g&#8230;<\/p>\n\n\n\n<div class=\"wp-block-columns is-layout-flex wp-container-core-columns-is-layout-28f84493 wp-block-columns-is-layout-flex\">\n<div class=\"wp-block-column is-layout-flow wp-block-column-is-layout-flow\">\n<p><\/p>\n\n\n\n<p>A Hadart Sz\u00ednh\u00e1z alapvet\u0151en akkor j\u00f6tt l\u00e9tre, amikor 2010-ben nagyon sokunknak megsz\u00fcnt a J\u00f3zsef Attila Sz\u00ednh\u00e1z.<\/p>\n\n\n\n<p>Akkor \u00e9n azt gondoltam, hogy b\u00e1rmi t\u00f6rt\u00e9njen, j\u00e1tszani kell. \u00c9s ha kih\u00fazt\u00e1k al\u00f3lunk a sz\u00ednpadot, akkor csin\u00e1lunk magunknak egyet. <\/p>\n<\/div>\n\n\n\n<div class=\"wp-block-column is-layout-flow wp-block-column-is-layout-flow\">\n<p class=\"has-text-align-center has-vivid-purple-color has-text-color\">2023<\/p>\n\n\n\n<figure class=\"wp-block-image size-full\"><img fetchpriority=\"high\" decoding=\"async\" width=\"216\" height=\"300\" src=\"https:\/\/hadajanos.hu\/hadajanosweb\/wp-content\/uploads\/2023\/02\/OSCAR__A5-Flyer__2021__007-216x300-1.jpeg\" alt=\"\" class=\"wp-image-271\"\/><\/figure>\n<\/div>\n\n\n\n<div class=\"wp-block-column is-layout-flow wp-block-column-is-layout-flow\">\n<figure class=\"wp-block-image size-full\"><img decoding=\"async\" width=\"188\" height=\"250\" src=\"https:\/\/hadajanos.hu\/hadajanosweb\/wp-content\/uploads\/2023\/08\/bastyasetany-77-szerelem-szerelem-szerelem-original-15828.jpeg\" alt=\"\" class=\"wp-image-637\"\/><\/figure>\n\n\n\n<p class=\"has-vivid-purple-color has-text-color\">             2010<\/p>\n<\/div>\n<\/div>\n\n\n\n<p>\u00c9s \u00e9letre keltettem r\u00e9g\u00f3ta d\u00e9delgetett \u00e1lmomat, a HADART sz\u00ednh\u00e1zat. Egy k\u00e9sz el\u0151ad\u00e1sunk m\u00e1r volt, az OSCAR, amit ki tudtam menek\u00edteni, \u00e9s ezzel kezdt\u00fck el j\u00e1rni az orsz\u00e1got. Sz\u00e9pen gyarapodott a csapat. M\u00e9g \u00e1lland\u00f3 j\u00e1tsz\u00f3hely\u00fcnk is lett, a P\u00f3lus Filmsz\u00ednh\u00e1zban. Kaptunk egy mozitermet, ami csak a mi\u00e9nk, ahol azt\u00e1n megsz\u00fcletett a m\u00e1sodik  gyermek, a B\u00e1styas\u00e9t\u00e1ny 77.<\/p>\n\n\n\n<p>Sz\u00f3val valahogy \u00edgy indult.<\/p>\n\n\n\n<p>Az\u00f3ta sok minden t\u00f6rt\u00e9nt, t\u00f6bbsz\u00f6r \u00e1lltunk a megsz\u0171n\u00e9s hat\u00e1r\u00e1n, de valahogy mindig siker\u00fclt t\u00fal\u00e9lni. Most ott tartunk, hogy \u00e9vi 140 el\u0151ad\u00e1st tartunk orsz\u00e1gszerte, kontinensnyi kilom\u00e9ter a l\u00e1bunkban, illetve az aut\u00f3inkban, reperto\u00e1ron 6 feln\u0151tt, 3 ifj\u00fas\u00e1gi, \u00e9s 3 gyerekel\u0151ad\u00e1s. Az \u00e9vek sor\u00e1n el\u0151ad\u00e1sok mentek, maradtak, a n\u00e9z\u0151k ig\u00e9nyei szerint.<\/p>\n\n\n\n<div class=\"wp-block-group alignwide is-layout-flow wp-block-group-is-layout-flow\">\n<div class=\"wp-block-columns is-layout-flex wp-container-core-columns-is-layout-28f84493 wp-block-columns-is-layout-flex\">\n<div class=\"wp-block-column is-layout-flow wp-block-column-is-layout-flow\">\n<div class=\"wp-block-columns is-layout-flex wp-container-core-columns-is-layout-28f84493 wp-block-columns-is-layout-flex\">\n<div class=\"wp-block-column is-layout-flow wp-block-column-is-layout-flow\">\n<figure class=\"wp-block-image size-full\"><img loading=\"lazy\" decoding=\"async\" width=\"215\" height=\"300\" src=\"https:\/\/hadajanos.hu\/hadajanosweb\/wp-content\/uploads\/2023\/02\/ORFEUM__A5-Flyer__Blank-Date__2022__002-215x300-1.jpeg\" alt=\"\" class=\"wp-image-269\"\/><\/figure>\n<\/div>\n\n\n\n<div class=\"wp-block-column is-layout-flow wp-block-column-is-layout-flow\">\n<figure class=\"wp-block-image size-full\"><img loading=\"lazy\" decoding=\"async\" width=\"216\" height=\"300\" src=\"https:\/\/hadajanos.hu\/hadajanosweb\/wp-content\/uploads\/2023\/02\/Oruletek-Tornya__A5-Flyer__20211103__001-216x300-1.jpeg\" alt=\"\" class=\"wp-image-270\"\/><\/figure>\n<\/div>\n<\/div>\n<\/div>\n\n\n\n<div class=\"wp-block-column is-layout-flow wp-block-column-is-layout-flow\">\n<div class=\"wp-block-columns is-layout-flex wp-container-core-columns-is-layout-28f84493 wp-block-columns-is-layout-flex\">\n<div class=\"wp-block-column is-layout-flow wp-block-column-is-layout-flow\">\n<figure class=\"wp-block-image size-full\"><img loading=\"lazy\" decoding=\"async\" width=\"216\" height=\"300\" src=\"https:\/\/hadajanos.hu\/hadajanosweb\/wp-content\/uploads\/2023\/02\/JOHETSZ-DRAGAM__A5-Flyer_20211103__002-216x300-1.jpeg\" alt=\"\" class=\"wp-image-266\"\/><\/figure>\n<\/div>\n\n\n\n<div class=\"wp-block-column is-layout-flow wp-block-column-is-layout-flow\">\n<figure class=\"wp-block-image size-full\"><img loading=\"lazy\" decoding=\"async\" width=\"209\" height=\"300\" src=\"https:\/\/hadajanos.hu\/hadajanosweb\/wp-content\/uploads\/2023\/02\/HBB_web_musor_001-209x300-1.jpeg\" alt=\"\" class=\"wp-image-265\"\/><\/figure>\n<\/div>\n<\/div>\n<\/div>\n\n\n\n<div class=\"wp-block-column is-layout-flow wp-block-column-is-layout-flow\">\n<div class=\"wp-block-columns is-layout-flex wp-container-core-columns-is-layout-28f84493 wp-block-columns-is-layout-flex\">\n<div class=\"wp-block-column is-layout-flow wp-block-column-is-layout-flow\">\n<figure class=\"wp-block-image size-full\"><img loading=\"lazy\" decoding=\"async\" width=\"214\" height=\"300\" src=\"https:\/\/hadajanos.hu\/hadajanosweb\/wp-content\/uploads\/2023\/02\/BubajosEtellift__A3-Poster__004-214x300-1.jpeg\" alt=\"\" class=\"wp-image-263\"\/><\/figure>\n<\/div>\n\n\n\n<div class=\"wp-block-column is-layout-flow wp-block-column-is-layout-flow\">\n<figure class=\"wp-block-image size-full\"><img loading=\"lazy\" decoding=\"async\" width=\"214\" height=\"300\" src=\"https:\/\/hadajanos.hu\/hadajanosweb\/wp-content\/uploads\/2023\/02\/Nyitott-Hazassag__A3-POSTER__004_007__v002-214x300-1.jpeg\" alt=\"\" class=\"wp-image-268\"\/><\/figure>\n<\/div>\n<\/div>\n<\/div>\n<\/div>\n<\/div>\n\n\n\n<p>Kifejezetten pr\u00f3b\u00e1lok figyelni arra, hogy ez ne csak egy sz\u00ednh\u00e1z legyen, hanem a sz\u00ednh\u00e1z eszk\u00f6zeivel seg\u00edts\u00fck a gyerekeket az \u00e9letben eligazodni. Ez\u00e9rt van a drog prevenci\u00f3,, a b\u0171nmegel\u0151z\u00e9s, a h\u00e1tr\u00e1nyos helyzet\u0171ek seg\u00edt\u00e9se, az infokommunik\u00e1ci\u00f3s akad\u00e1lymentes\u00edt\u00e9s, a k\u00e9sz\u00fcl Micimack\u00f3 klub.<\/p>\n\n\n\n<div class=\"wp-block-columns is-layout-flex wp-container-core-columns-is-layout-28f84493 wp-block-columns-is-layout-flex\">\n<div class=\"wp-block-column is-layout-flow wp-block-column-is-layout-flow\">\n<div class=\"wp-block-columns is-layout-flex wp-container-core-columns-is-layout-28f84493 wp-block-columns-is-layout-flex\">\n<div class=\"wp-block-column is-layout-flow wp-block-column-is-layout-flow\">\n<figure class=\"wp-block-image size-full\"><img loading=\"lazy\" decoding=\"async\" width=\"212\" height=\"300\" src=\"https:\/\/hadajanos.hu\/hadajanosweb\/wp-content\/uploads\/2023\/02\/SUSU_A3_gcs_2018-12-03_001-212x300-1.jpeg\" alt=\"\" class=\"wp-image-272\"\/><\/figure>\n<\/div>\n\n\n\n<div class=\"wp-block-column is-layout-flow wp-block-column-is-layout-flow\">\n<figure class=\"wp-block-image size-full\"><img loading=\"lazy\" decoding=\"async\" width=\"224\" height=\"300\" src=\"https:\/\/hadajanos.hu\/hadajanosweb\/wp-content\/uploads\/2023\/02\/MICIMACKOplakat.png\" alt=\"\" class=\"wp-image-267\"\/><\/figure>\n<\/div>\n<\/div>\n<\/div>\n\n\n\n<div class=\"wp-block-column is-layout-flow wp-block-column-is-layout-flow\">\n<div class=\"wp-block-columns is-layout-flex wp-container-core-columns-is-layout-28f84493 wp-block-columns-is-layout-flex\">\n<div class=\"wp-block-column is-layout-flow wp-block-column-is-layout-flow\">\n<figure class=\"wp-block-image size-full\"><img loading=\"lazy\" decoding=\"async\" width=\"215\" height=\"300\" src=\"https:\/\/hadajanos.hu\/hadajanosweb\/wp-content\/uploads\/2023\/02\/Agacska_A5-Flyer__2020__v06__001-215x300-1.jpeg\" alt=\"\" class=\"wp-image-262\"\/><\/figure>\n<\/div>\n\n\n\n<div class=\"wp-block-column is-layout-flow wp-block-column-is-layout-flow\">\n<figure class=\"wp-block-image size-full\"><img loading=\"lazy\" decoding=\"async\" width=\"214\" height=\"300\" src=\"https:\/\/hadajanos.hu\/hadajanosweb\/wp-content\/uploads\/2023\/02\/Micimacko__Thumbnail-300__2022-07__002.jpeg\" alt=\"\" class=\"wp-image-273\"\/><\/figure>\n<\/div>\n<\/div>\n<\/div>\n\n\n\n<div class=\"wp-block-column is-layout-flow wp-block-column-is-layout-flow\">\n<div class=\"wp-block-columns is-layout-flex wp-container-core-columns-is-layout-28f84493 wp-block-columns-is-layout-flex\">\n<div class=\"wp-block-column is-layout-flow wp-block-column-is-layout-flow\">\n<figure class=\"wp-block-image size-full\"><img decoding=\"async\" src=\"https:\/\/hadajanos.hu\/hadajanosweb\/wp-content\/uploads\/2023\/08\/hadart_Webaruhaz_WEB.jpeg\" alt=\"\" class=\"wp-image-644\"\/><\/figure>\n<\/div>\n\n\n\n<div class=\"wp-block-column is-layout-flow wp-block-column-is-layout-flow\">\n<figure class=\"wp-block-image size-full\"><img loading=\"lazy\" decoding=\"async\" width=\"216\" height=\"300\" src=\"https:\/\/hadajanos.hu\/hadajanosweb\/wp-content\/uploads\/2023\/08\/56-csepp-szerelem-216x300-1.jpeg\" alt=\"\" class=\"wp-image-645\"\/><\/figure>\n<\/div>\n<\/div>\n<\/div>\n<\/div>\n\n\n\n<p>Persze a neh\u00e9zs\u00e9gek csak gyarapodnak, mint mindenkinek, de nem \u00e1llunk meg. Id\u00e9n is tervez\u00fcnk k\u00e9t bemutat\u00f3t. Amint aktu\u00e1lis lesz, itt meg fog jelenni. Most m\u00e9g szerencs\u00e9b\u0151l sem \u00e1rulhatom el, hogy V\u00c9RSZIPOLY-t fel\u00faj\u00edtjuk, \u00e9s egy v\u00edgj\u00e1t\u00e9kot, \u00e9s persze egy fontos gyerekeknek sz\u00f3l\u00f3 darabot be fogunk mutatni. <\/p>\n\n\n\n<p>CSAKAZ\u00c9RTIS<\/p>\n\n\n\n<p>Mert j\u00e1tszani kell, \u00e9s fogunk is!<\/p>\n\n\n\n<figure class=\"wp-block-audio\"><audio controls src=\"https:\/\/hadajanos.hu\/hadajanosweb\/wp-content\/uploads\/2023\/02\/Frank-Sinatra-New-York-New-York-Karaoke-with-Lyrics.mp3\"><\/audio><figcaption class=\"wp-element-caption\"><strong>Frank Sinatra<\/strong><\/figcaption><\/figure>\n<\/blockquote>\n\n\n\n<div class=\"wp-block-group alignfull has-background is-layout-flow wp-block-group-is-layout-flow\" style=\"background-color:#f2f0e9\">\n<div style=\"height:178px\" aria-hidden=\"true\" class=\"wp-block-spacer\"><\/div>\n<\/div>\n","protected":false},"excerpt":{"rendered":"","protected":false},"author":1,"featured_media":185,"parent":16,"menu_order":0,"comment_status":"closed","ping_status":"closed","template":"","meta":{"site-sidebar-layout":"default","site-content-layout":"","ast-site-content-layout":"default","site-content-style":"default","site-sidebar-style":"default","ast-global-header-display":"","ast-banner-title-visibility":"","ast-main-header-display":"","ast-hfb-above-header-display":"","ast-hfb-below-header-display":"","ast-hfb-mobile-header-display":"","site-post-title":"","ast-breadcrumbs-content":"","ast-featured-img":"","footer-sml-layout":"","theme-transparent-header-meta":"","adv-header-id-meta":"","stick-header-meta":"","header-above-stick-meta":"","header-main-stick-meta":"","header-below-stick-meta":"","astra-migrate-meta-layouts":"default","ast-page-background-enabled":"default","ast-page-background-meta":{"desktop":{"background-color":"var(--ast-global-color-5)","background-image":"","background-repeat":"repeat","background-position":"center center","background-size":"auto","background-attachment":"scroll","background-type":"","background-media":"","overlay-type":"","overlay-color":"","overlay-opacity":"","overlay-gradient":""},"tablet":{"background-color":"","background-image":"","background-repeat":"repeat","background-position":"center center","background-size":"auto","background-attachment":"scroll","background-type":"","background-media":"","overlay-type":"","overlay-color":"","overlay-opacity":"","overlay-gradient":""},"mobile":{"background-color":"","background-image":"","background-repeat":"repeat","background-position":"center center","background-size":"auto","background-attachment":"scroll","background-type":"","background-media":"","overlay-type":"","overlay-color":"","overlay-opacity":"","overlay-gradient":""}},"ast-content-background-meta":{"desktop":{"background-color":"var(--ast-global-color-4)","background-image":"","background-repeat":"repeat","background-position":"center center","background-size":"auto","background-attachment":"scroll","background-type":"","background-media":"","overlay-type":"","overlay-color":"","overlay-opacity":"","overlay-gradient":""},"tablet":{"background-color":"var(--ast-global-color-4)","background-image":"","background-repeat":"repeat","background-position":"center center","background-size":"auto","background-attachment":"scroll","background-type":"","background-media":"","overlay-type":"","overlay-color":"","overlay-opacity":"","overlay-gradient":""},"mobile":{"background-color":"var(--ast-global-color-4)","background-image":"","background-repeat":"repeat","background-position":"center center","background-size":"auto","background-attachment":"scroll","background-type":"","background-media":"","overlay-type":"","overlay-color":"","overlay-opacity":"","overlay-gradient":""}},"footnotes":""},"class_list":["post-209","page","type-page","status-publish","has-post-thumbnail","hentry"],"_links":{"self":[{"href":"https:\/\/hadajanos.hu\/index.php?rest_route=\/wp\/v2\/pages\/209","targetHints":{"allow":["GET"]}}],"collection":[{"href":"https:\/\/hadajanos.hu\/index.php?rest_route=\/wp\/v2\/pages"}],"about":[{"href":"https:\/\/hadajanos.hu\/index.php?rest_route=\/wp\/v2\/types\/page"}],"author":[{"embeddable":true,"href":"https:\/\/hadajanos.hu\/index.php?rest_route=\/wp\/v2\/users\/1"}],"replies":[{"embeddable":true,"href":"https:\/\/hadajanos.hu\/index.php?rest_route=%2Fwp%2Fv2%2Fcomments&post=209"}],"version-history":[{"count":20,"href":"https:\/\/hadajanos.hu\/index.php?rest_route=\/wp\/v2\/pages\/209\/revisions"}],"predecessor-version":[{"id":655,"href":"https:\/\/hadajanos.hu\/index.php?rest_route=\/wp\/v2\/pages\/209\/revisions\/655"}],"up":[{"embeddable":true,"href":"https:\/\/hadajanos.hu\/index.php?rest_route=\/wp\/v2\/pages\/16"}],"wp:featuredmedia":[{"embeddable":true,"href":"https:\/\/hadajanos.hu\/index.php?rest_route=\/wp\/v2\/media\/185"}],"wp:attachment":[{"href":"https:\/\/hadajanos.hu\/index.php?rest_route=%2Fwp%2Fv2%2Fmedia&parent=209"}],"curies":[{"name":"wp","href":"https:\/\/api.w.org\/{rel}","templated":true}]}}