{"id":19,"date":"2023-02-22T16:00:32","date_gmt":"2023-02-22T15:00:32","guid":{"rendered":"https:\/\/hadajanos.hu\/?page_id=19"},"modified":"2023-02-23T22:34:09","modified_gmt":"2023-02-23T21:34:09","slug":"informaciok","status":"publish","type":"page","link":"https:\/\/hadajanos.hu\/?page_id=19","title":{"rendered":"Inform\u00e1ci\u00f3k"},"content":{"rendered":"\n<div class=\"wp-block-media-text is-stacked-on-mobile is-vertically-aligned-center\" style=\"grid-template-columns:16% auto\"><figure class=\"wp-block-media-text__media\"><img fetchpriority=\"high\" decoding=\"async\" width=\"499\" height=\"608\" src=\"https:\/\/hadajanos.hu\/hadajanosweb\/wp-content\/uploads\/2023\/02\/stock-photo-phone-icon-shiny-soft-green.webp\" alt=\"\" class=\"wp-image-194 size-full\" srcset=\"https:\/\/hadajanos.hu\/hadajanosweb\/wp-content\/uploads\/2023\/02\/stock-photo-phone-icon-shiny-soft-green.webp 499w, https:\/\/hadajanos.hu\/hadajanosweb\/wp-content\/uploads\/2023\/02\/stock-photo-phone-icon-shiny-soft-green-246x300.webp 246w\" sizes=\"(max-width: 499px) 100vw, 499px\" \/><\/figure><div class=\"wp-block-media-text__content\">\n<p class=\"has-text-align-center\">Keress bizalommal az al\u00e1bbi telefonsz\u00e1mon:<\/p>\n\n\n\n<p class=\"has-text-align-center\"><strong>+36 30 730-3992<\/strong><\/p>\n<\/div><\/div>\n\n\n\n<div class=\"wp-block-media-text is-stacked-on-mobile is-vertically-aligned-center\" style=\"grid-template-columns:16% auto\"><figure class=\"wp-block-media-text__media\"><img decoding=\"async\" width=\"608\" height=\"608\" src=\"https:\/\/hadajanos.hu\/hadajanosweb\/wp-content\/uploads\/2023\/02\/stock-vector-mail-envelope-icon-vector-illustration.webp\" alt=\"\" class=\"wp-image-195 size-full\" srcset=\"https:\/\/hadajanos.hu\/hadajanosweb\/wp-content\/uploads\/2023\/02\/stock-vector-mail-envelope-icon-vector-illustration.webp 608w, https:\/\/hadajanos.hu\/hadajanosweb\/wp-content\/uploads\/2023\/02\/stock-vector-mail-envelope-icon-vector-illustration-300x300.webp 300w, https:\/\/hadajanos.hu\/hadajanosweb\/wp-content\/uploads\/2023\/02\/stock-vector-mail-envelope-icon-vector-illustration-150x150.webp 150w\" sizes=\"(max-width: 608px) 100vw, 608px\" \/><\/figure><div class=\"wp-block-media-text__content\">\n<p class=\"has-text-align-center\">Amennyiben \u00fczenni szeretn\u00e9l, v\u00e1rjuk e-mailedet az al\u00e1bbi c\u00edmre:<\/p>\n\n\n\n<p class=\"has-text-align-center has-link-color wp-elements-389bc7e321132d57660973f9a2eb43e7\"><strong><a href=\"mailto:hadajanos@gmail.com\">hadajanos@gmail.com<\/a><\/strong><\/p>\n<\/div><\/div>\n\n\n\n<figure class=\"wp-block-image aligncenter size-full\"><img decoding=\"async\" src=\"https:\/\/hadajanos.hu\/hadajanosweb\/wp-content\/uploads\/2023\/02\/Hada-Janos-2.jpg\" alt=\"\" class=\"wp-image-101\"\/><\/figure>\n","protected":false},"excerpt":{"rendered":"<p>Keress bizalommal az al\u00e1bbi telefonsz\u00e1mon: +36 30 730-3992 Amennyiben \u00fczenni szeretn\u00e9l, v\u00e1rjuk e-mailedet az al\u00e1bbi c\u00edmre: hadajanos@gmail.com<\/p>\n","protected":false},"author":1,"featured_media":0,"parent":0,"menu_order":0,"comment_status":"closed","ping_status":"closed","template":"","meta":{"site-sidebar-layout":"default","site-content-layout":"","ast-site-content-layout":"default","site-content-style":"default","site-sidebar-style":"default","ast-global-header-display":"","ast-banner-title-visibility":"","ast-main-header-display":"","ast-hfb-above-header-display":"","ast-hfb-below-header-display":"","ast-hfb-mobile-header-display":"","site-post-title":"","ast-breadcrumbs-content":"","ast-featured-img":"","footer-sml-layout":"","theme-transparent-header-meta":"","adv-header-id-meta":"","stick-header-meta":"","header-above-stick-meta":"","header-main-stick-meta":"","header-below-stick-meta":"","astra-migrate-meta-layouts":"default","ast-page-background-enabled":"default","ast-page-background-meta":{"desktop":{"background-color":"var(--ast-global-color-5)","background-image":"","background-repeat":"repeat","background-position":"center center","background-size":"auto","background-attachment":"scroll","background-type":"","background-media":"","overlay-type":"","overlay-color":"","overlay-opacity":"","overlay-gradient":""},"tablet":{"background-color":"","background-image":"","background-repeat":"repeat","background-position":"center center","background-size":"auto","background-attachment":"scroll","background-type":"","background-media":"","overlay-type":"","overlay-color":"","overlay-opacity":"","overlay-gradient":""},"mobile":{"background-color":"","background-image":"","background-repeat":"repeat","background-position":"center center","background-size":"auto","background-attachment":"scroll","background-type":"","background-media":"","overlay-type":"","overlay-color":"","overlay-opacity":"","overlay-gradient":""}},"ast-content-background-meta":{"desktop":{"background-color":"var(--ast-global-color-4)","background-image":"","background-repeat":"repeat","background-position":"center center","background-size":"auto","background-attachment":"scroll","background-type":"","background-media":"","overlay-type":"","overlay-color":"","overlay-opacity":"","overlay-gradient":""},"tablet":{"background-color":"var(--ast-global-color-4)","background-image":"","background-repeat":"repeat","background-position":"center center","background-size":"auto","background-attachment":"scroll","background-type":"","background-media":"","overlay-type":"","overlay-color":"","overlay-opacity":"","overlay-gradient":""},"mobile":{"background-color":"var(--ast-global-color-4)","background-image":"","background-repeat":"repeat","background-position":"center center","background-size":"auto","background-attachment":"scroll","background-type":"","background-media":"","overlay-type":"","overlay-color":"","overlay-opacity":"","overlay-gradient":""}},"footnotes":""},"class_list":["post-19","page","type-page","status-publish","hentry"],"_links":{"self":[{"href":"https:\/\/hadajanos.hu\/index.php?rest_route=\/wp\/v2\/pages\/19","targetHints":{"allow":["GET"]}}],"collection":[{"href":"https:\/\/hadajanos.hu\/index.php?rest_route=\/wp\/v2\/pages"}],"about":[{"href":"https:\/\/hadajanos.hu\/index.php?rest_route=\/wp\/v2\/types\/page"}],"author":[{"embeddable":true,"href":"https:\/\/hadajanos.hu\/index.php?rest_route=\/wp\/v2\/users\/1"}],"replies":[{"embeddable":true,"href":"https:\/\/hadajanos.hu\/index.php?rest_route=%2Fwp%2Fv2%2Fcomments&post=19"}],"version-history":[{"count":5,"href":"https:\/\/hadajanos.hu\/index.php?rest_route=\/wp\/v2\/pages\/19\/revisions"}],"predecessor-version":[{"id":198,"href":"https:\/\/hadajanos.hu\/index.php?rest_route=\/wp\/v2\/pages\/19\/revisions\/198"}],"wp:attachment":[{"href":"https:\/\/hadajanos.hu\/index.php?rest_route=%2Fwp%2Fv2%2Fmedia&parent=19"}],"curies":[{"name":"wp","href":"https:\/\/api.w.org\/{rel}","templated":true}]}}